
{"id":26231,"date":"2023-02-13T14:21:32","date_gmt":"2023-02-13T15:36:03","guid":{"rendered":"https:\/\/www.triangleeditorial.com\/producto\/la-garrotxa\/"},"modified":"2023-02-13T15:36:16","modified_gmt":"2023-02-13T15:36:16","slug":"la-garrotxa","status":"publish","type":"product","link":"https:\/\/triangle.cat\/es\/producto\/la-garrotxa\/","title":{"rendered":"La Garrotxa"},"content":{"rendered":"","protected":false},"excerpt":{"rendered":"<p>Tierra y tiempo. Volcanes y hayedos. Valles y pueblos. Hombres y tradiciones. Un paseo literario y fotogr\u00e1fico \u2013 de la mano de Francesc Ser\u00e9s y Jordi Puig \u2013 que nos acerca a la comarca de la Garrotxa; a la Alta Garrotxa; al valle de Bianya y a la vall d\u2019en Bas; al r\u00edo Brugent y al Ll\u00e9mena; a los volcanes y a la cuenca del Fluvi\u00e0; y a la ciudad de Olot. Todo esto ilustrado con m\u00e1s de 250 im\u00e1genes de gran formato, p\u00e1ginas desplegables y con una esmerada edici\u00f3n.Dice Francesc Ser\u00e9s en su texto: \u201cel paisaje de la Garrotxa es, ante todo, el paso del tiempo contra la adversidad del relieve\u201d. Con este libro les invitamos a comprobarlo<\/p>\n","protected":false},"featured_media":22600,"comment_status":"closed","ping_status":"open","template":"","meta":{"_acf_changed":false,"_monsterinsights_skip_tracking":false,"_monsterinsights_sitenote_active":false,"_monsterinsights_sitenote_note":"","_monsterinsights_sitenote_category":0},"product_brand":[],"product_cat":[1543,1553,1561],"product_tag":[292,295,1008,293],"class_list":{"0":"post-26231","1":"product","2":"type-product","3":"status-publish","4":"has-post-thumbnail","6":"product_cat-cataluna-es","7":"product_cat-fotografia-y-diseno","8":"product_cat-girona-costa-brava-es","9":"product_tag-catalan","10":"product_tag-espanol","11":"product_tag-frances-es","12":"product_tag-ingles","13":"pa_idioma-multilingue-catala-espanol-english-francais-es","15":"first","16":"instock","17":"taxable","18":"shipping-taxable","19":"purchasable","20":"product-type-variable","21":"has-default-attributes"},"acf":[],"_links":{"self":[{"href":"https:\/\/triangle.cat\/es\/wp-json\/wp\/v2\/product\/26231","targetHints":{"allow":["GET"]}}],"collection":[{"href":"https:\/\/triangle.cat\/es\/wp-json\/wp\/v2\/product"}],"about":[{"href":"https:\/\/triangle.cat\/es\/wp-json\/wp\/v2\/types\/product"}],"replies":[{"embeddable":true,"href":"https:\/\/triangle.cat\/es\/wp-json\/wp\/v2\/comments?post=26231"}],"wp:featuredmedia":[{"embeddable":true,"href":"https:\/\/triangle.cat\/es\/wp-json\/wp\/v2\/media\/22600"}],"wp:attachment":[{"href":"https:\/\/triangle.cat\/es\/wp-json\/wp\/v2\/media?parent=26231"}],"wp:term":[{"taxonomy":"product_brand","embeddable":true,"href":"https:\/\/triangle.cat\/es\/wp-json\/wp\/v2\/product_brand?post=26231"},{"taxonomy":"product_cat","embeddable":true,"href":"https:\/\/triangle.cat\/es\/wp-json\/wp\/v2\/product_cat?post=26231"},{"taxonomy":"product_tag","embeddable":true,"href":"https:\/\/triangle.cat\/es\/wp-json\/wp\/v2\/product_tag?post=26231"}],"curies":[{"name":"wp","href":"https:\/\/api.w.org\/{rel}","templated":true}]}}