
{"id":26227,"date":"2023-02-13T14:21:05","date_gmt":"2023-02-13T15:35:35","guid":{"rendered":"https:\/\/www.triangleeditorial.com\/producto\/cataluna\/"},"modified":"2023-06-21T11:23:08","modified_gmt":"2023-06-21T11:23:08","slug":"cataluna","status":"publish","type":"product","link":"https:\/\/triangle.cat\/es\/producto\/cataluna\/","title":{"rendered":"Catalu\u00f1a"},"content":{"rendered":"","protected":false},"excerpt":{"rendered":"<p>Ordenada por rutas geogr\u00e1ficas, esta gu\u00eda de consulta re\u00fane y describe, mediante comentarios, ficha t\u00e9cnica, planos y fotograf\u00edas, las 417 obras m\u00e1s destacadas desde el Modernismo hasta nuestros d\u00edas, haciendo especial \u00e9nfasis en la arquitectura contempor\u00e1nea. Incluye \u00edndice de arquitectos y una detallada bibliograf\u00eda. Gu\u00eda coeditada con el Col\u00b7legi d\u2019Arquitectes de Catalunya.<\/p>\n","protected":false},"featured_media":21158,"comment_status":"closed","ping_status":"open","template":"","meta":{"_acf_changed":false,"_monsterinsights_skip_tracking":false,"_monsterinsights_sitenote_active":false,"_monsterinsights_sitenote_note":"","_monsterinsights_sitenote_category":0},"product_brand":[],"product_cat":[1497,1537,1503,1543],"product_tag":[292,295,293],"class_list":{"0":"post-26227","1":"product","2":"type-product","3":"status-publish","4":"has-post-thumbnail","6":"product_cat-arte-y-arquitectura","7":"product_cat-arte-y-arquitectura-es","8":"product_cat-cataluna","9":"product_cat-cataluna-es","10":"product_tag-catalan","11":"product_tag-espanol","12":"product_tag-ingles","13":"pa_idioma-catalan","14":"pa_idioma-english-es","15":"pa_idioma-espanol-es-2","17":"first","18":"instock","19":"taxable","20":"shipping-taxable","21":"purchasable","22":"product-type-variable","23":"has-default-attributes"},"acf":[],"_links":{"self":[{"href":"https:\/\/triangle.cat\/es\/wp-json\/wp\/v2\/product\/26227","targetHints":{"allow":["GET"]}}],"collection":[{"href":"https:\/\/triangle.cat\/es\/wp-json\/wp\/v2\/product"}],"about":[{"href":"https:\/\/triangle.cat\/es\/wp-json\/wp\/v2\/types\/product"}],"replies":[{"embeddable":true,"href":"https:\/\/triangle.cat\/es\/wp-json\/wp\/v2\/comments?post=26227"}],"wp:featuredmedia":[{"embeddable":true,"href":"https:\/\/triangle.cat\/es\/wp-json\/wp\/v2\/media\/21158"}],"wp:attachment":[{"href":"https:\/\/triangle.cat\/es\/wp-json\/wp\/v2\/media?parent=26227"}],"wp:term":[{"taxonomy":"product_brand","embeddable":true,"href":"https:\/\/triangle.cat\/es\/wp-json\/wp\/v2\/product_brand?post=26227"},{"taxonomy":"product_cat","embeddable":true,"href":"https:\/\/triangle.cat\/es\/wp-json\/wp\/v2\/product_cat?post=26227"},{"taxonomy":"product_tag","embeddable":true,"href":"https:\/\/triangle.cat\/es\/wp-json\/wp\/v2\/product_tag?post=26227"}],"curies":[{"name":"wp","href":"https:\/\/api.w.org\/{rel}","templated":true}]}}