
{"id":26223,"date":"2023-02-13T14:20:39","date_gmt":"2023-02-13T15:35:07","guid":{"rendered":"https:\/\/www.triangleeditorial.com\/producto\/guia-de-arquitectura-de-girona\/"},"modified":"2023-03-07T12:24:57","modified_gmt":"2023-03-07T12:24:57","slug":"guia-de-arquitectura-de-girona","status":"publish","type":"product","link":"https:\/\/triangle.cat\/es\/producto\/guia-de-arquitectura-de-girona\/","title":{"rendered":"Gu\u00eda de Arquitectura de Girona"},"content":{"rendered":"","protected":false},"excerpt":{"rendered":"<p>Girona fue una ciudad esplendorosa durante la edad media. Su ascendente se mantuvo hasta principios del siglo XX, cuando fue el segundo n\u00facleo cultural m\u00e1s destacado de Catalu\u00f1a, despu\u00e9s de Barcelona. La Gu\u00eda permite seguir en detalle, gracias a trescientas fichas, su evoluci\u00f3n arquitect\u00f3nica desde el medievo hasta el presente. Imprescindible para conocer sus barrios y edificios m\u00e1s interesantes.<\/p>\n","protected":false},"featured_media":30391,"comment_status":"closed","ping_status":"closed","template":"","meta":{"_acf_changed":false,"_monsterinsights_skip_tracking":false,"_monsterinsights_sitenote_active":false,"_monsterinsights_sitenote_note":"","_monsterinsights_sitenote_category":0},"product_brand":[],"product_cat":[1537,1497,1503,1561],"product_tag":[292,295,293],"class_list":{"0":"post-26223","1":"product","2":"type-product","3":"status-publish","4":"has-post-thumbnail","6":"product_cat-arte-y-arquitectura-es","7":"product_cat-arte-y-arquitectura","8":"product_cat-cataluna","9":"product_cat-girona-costa-brava-es","10":"product_tag-catalan","11":"product_tag-espanol","12":"product_tag-ingles","13":"pa_idioma-catalan","14":"pa_idioma-english-es","15":"pa_idioma-espanol-es-2","17":"first","18":"instock","19":"taxable","20":"shipping-taxable","21":"purchasable","22":"product-type-variable","23":"has-default-attributes"},"acf":[],"_links":{"self":[{"href":"https:\/\/triangle.cat\/es\/wp-json\/wp\/v2\/product\/26223","targetHints":{"allow":["GET"]}}],"collection":[{"href":"https:\/\/triangle.cat\/es\/wp-json\/wp\/v2\/product"}],"about":[{"href":"https:\/\/triangle.cat\/es\/wp-json\/wp\/v2\/types\/product"}],"replies":[{"embeddable":true,"href":"https:\/\/triangle.cat\/es\/wp-json\/wp\/v2\/comments?post=26223"}],"wp:featuredmedia":[{"embeddable":true,"href":"https:\/\/triangle.cat\/es\/wp-json\/wp\/v2\/media\/30391"}],"wp:attachment":[{"href":"https:\/\/triangle.cat\/es\/wp-json\/wp\/v2\/media?parent=26223"}],"wp:term":[{"taxonomy":"product_brand","embeddable":true,"href":"https:\/\/triangle.cat\/es\/wp-json\/wp\/v2\/product_brand?post=26223"},{"taxonomy":"product_cat","embeddable":true,"href":"https:\/\/triangle.cat\/es\/wp-json\/wp\/v2\/product_cat?post=26223"},{"taxonomy":"product_tag","embeddable":true,"href":"https:\/\/triangle.cat\/es\/wp-json\/wp\/v2\/product_tag?post=26223"}],"curies":[{"name":"wp","href":"https:\/\/api.w.org\/{rel}","templated":true}]}}