
{"id":26221,"date":"2023-02-13T14:19:21","date_gmt":"2023-02-13T15:34:18","guid":{"rendered":"https:\/\/www.triangleeditorial.com\/producto\/gaudi-5\/"},"modified":"2023-03-07T13:58:21","modified_gmt":"2023-03-07T13:58:21","slug":"gaudi-5","status":"publish","type":"product","link":"https:\/\/triangle.cat\/es\/producto\/gaudi-5\/","title":{"rendered":"Gaud\u00ed"},"content":{"rendered":"","protected":false},"excerpt":{"rendered":"<p>Este libro compila, con rigor cient\u00edfico, 135 postales publicadas en la \u00e9poca en que Gaud\u00ed estuvo activo, difundiendo por el mundo la obra gaudiniana junto al mensaje \u00edntimo de sus remitentes.<\/p>\n","protected":false},"featured_media":30413,"comment_status":"closed","ping_status":"closed","template":"","meta":{"_acf_changed":false,"_monsterinsights_skip_tracking":false,"_monsterinsights_sitenote_active":false,"_monsterinsights_sitenote_note":"","_monsterinsights_sitenote_category":0},"product_brand":[],"product_cat":[1558,1537],"product_tag":[],"class_list":{"0":"post-26221","1":"product","2":"type-product","3":"status-publish","4":"has-post-thumbnail","6":"product_cat-antoni-gaudi-es","7":"product_cat-arte-y-arquitectura-es","8":"pa_idioma-multilingue-espanol-english-francais-es","10":"first","11":"instock","12":"taxable","13":"shipping-taxable","14":"purchasable","15":"product-type-variable","16":"has-default-attributes"},"acf":[],"_links":{"self":[{"href":"https:\/\/triangle.cat\/es\/wp-json\/wp\/v2\/product\/26221","targetHints":{"allow":["GET"]}}],"collection":[{"href":"https:\/\/triangle.cat\/es\/wp-json\/wp\/v2\/product"}],"about":[{"href":"https:\/\/triangle.cat\/es\/wp-json\/wp\/v2\/types\/product"}],"replies":[{"embeddable":true,"href":"https:\/\/triangle.cat\/es\/wp-json\/wp\/v2\/comments?post=26221"}],"wp:featuredmedia":[{"embeddable":true,"href":"https:\/\/triangle.cat\/es\/wp-json\/wp\/v2\/media\/30413"}],"wp:attachment":[{"href":"https:\/\/triangle.cat\/es\/wp-json\/wp\/v2\/media?parent=26221"}],"wp:term":[{"taxonomy":"product_brand","embeddable":true,"href":"https:\/\/triangle.cat\/es\/wp-json\/wp\/v2\/product_brand?post=26221"},{"taxonomy":"product_cat","embeddable":true,"href":"https:\/\/triangle.cat\/es\/wp-json\/wp\/v2\/product_cat?post=26221"},{"taxonomy":"product_tag","embeddable":true,"href":"https:\/\/triangle.cat\/es\/wp-json\/wp\/v2\/product_tag?post=26221"}],"curies":[{"name":"wp","href":"https:\/\/api.w.org\/{rel}","templated":true}]}}