
{"id":26213,"date":"2023-02-13T14:18:37","date_gmt":"2023-02-13T15:33:37","guid":{"rendered":"https:\/\/www.triangleeditorial.com\/producto\/gaudi-4\/"},"modified":"2023-08-07T20:49:31","modified_gmt":"2023-08-07T18:49:31","slug":"gaudi-4","status":"publish","type":"product","link":"https:\/\/triangle.cat\/es\/producto\/gaudi-4\/","title":{"rendered":"Gaud\u00ed"},"content":{"rendered":"","protected":false},"excerpt":{"rendered":"<p>La mejor gu\u00eda visual para iniciarse en el mundo art\u00edstico de Antoni Gaud\u00ed. Contiene las claves de cada una de sus obras arquitect\u00f3nicas, acompa\u00f1\u00e1ndolas de im\u00e1genes espec\u00edficas y actualizadas. Incluye un texto del especialista Juan Eduardo Cirlot. El cl\u00e1sico de Triangle Books ahora tambi\u00e9n en un nuevo formato m\u00e1s grande, nuevo dise\u00f1o y nuevas fotograf\u00edas.<\/p>\n","protected":false},"featured_media":14350,"comment_status":"closed","ping_status":"closed","template":"","meta":{"_acf_changed":false,"_monsterinsights_skip_tracking":false,"_monsterinsights_sitenote_active":false,"_monsterinsights_sitenote_note":"","_monsterinsights_sitenote_category":0},"product_brand":[],"product_cat":[1558,1537],"product_tag":[991,1092,295,1008,293,319,1089],"class_list":{"0":"post-26213","1":"product","2":"type-product","3":"status-publish","4":"has-post-thumbnail","6":"product_cat-antoni-gaudi-es","7":"product_cat-arte-y-arquitectura-es","8":"product_tag-aleman-es","9":"product_tag-chino-es","10":"product_tag-espanol","11":"product_tag-frances-es","12":"product_tag-ingles","13":"product_tag-italiano","14":"product_tag-ruso-es","15":"pa_idioma-deutsch-es","16":"pa_idioma-english-es","17":"pa_idioma-espanol-es-2","18":"pa_idioma-francais-es","19":"pa_idioma-italiano-es","20":"pa_idioma--es","23":"first","24":"instock","25":"taxable","26":"shipping-taxable","27":"purchasable","28":"product-type-variable","29":"has-default-attributes"},"acf":[],"_links":{"self":[{"href":"https:\/\/triangle.cat\/es\/wp-json\/wp\/v2\/product\/26213","targetHints":{"allow":["GET"]}}],"collection":[{"href":"https:\/\/triangle.cat\/es\/wp-json\/wp\/v2\/product"}],"about":[{"href":"https:\/\/triangle.cat\/es\/wp-json\/wp\/v2\/types\/product"}],"replies":[{"embeddable":true,"href":"https:\/\/triangle.cat\/es\/wp-json\/wp\/v2\/comments?post=26213"}],"wp:featuredmedia":[{"embeddable":true,"href":"https:\/\/triangle.cat\/es\/wp-json\/wp\/v2\/media\/14350"}],"wp:attachment":[{"href":"https:\/\/triangle.cat\/es\/wp-json\/wp\/v2\/media?parent=26213"}],"wp:term":[{"taxonomy":"product_brand","embeddable":true,"href":"https:\/\/triangle.cat\/es\/wp-json\/wp\/v2\/product_brand?post=26213"},{"taxonomy":"product_cat","embeddable":true,"href":"https:\/\/triangle.cat\/es\/wp-json\/wp\/v2\/product_cat?post=26213"},{"taxonomy":"product_tag","embeddable":true,"href":"https:\/\/triangle.cat\/es\/wp-json\/wp\/v2\/product_tag?post=26213"}],"curies":[{"name":"wp","href":"https:\/\/api.w.org\/{rel}","templated":true}]}}