
{"id":26201,"date":"2023-02-13T14:17:30","date_gmt":"2023-02-13T15:32:39","guid":{"rendered":"https:\/\/www.triangleeditorial.com\/producto\/gaudi-3\/"},"modified":"2023-02-13T15:33:38","modified_gmt":"2023-02-13T15:33:38","slug":"gaudi-3","status":"publish","type":"product","link":"https:\/\/triangle.cat\/es\/producto\/gaudi-3\/","title":{"rendered":"Gaud\u00ed"},"content":{"rendered":"","protected":false},"excerpt":{"rendered":"<p>La mejor gu\u00eda visual para iniciarse en el mundo art\u00edstico de Antoni Gaud\u00ed y las claves de cada una de sus obras arquitect\u00f3nicas gracias al texto de Juan-Eduardo Cirlot, poeta, cr\u00edtico de arte y especialista en simbolismo y uno de los primeros intelectuales en reivindicar la figura del gran arquitecto.Cada una de las obras de Gaud\u00ed est\u00e1n ilustradas con las magn\u00edficas fotograf\u00edas de dos de los mejores especialistas en su obra: Pere Vivas y Ricard Pla.<\/p>\n","protected":false},"featured_media":4599,"comment_status":"closed","ping_status":"closed","template":"","meta":{"_acf_changed":false,"_monsterinsights_skip_tracking":false,"_monsterinsights_sitenote_active":false,"_monsterinsights_sitenote_note":"","_monsterinsights_sitenote_category":0},"product_brand":[],"product_cat":[1558,1537],"product_tag":[991,1092,295,1008,1054,293,319,1095,1066,1089,1098],"class_list":{"0":"post-26201","1":"product","2":"type-product","3":"status-publish","4":"has-post-thumbnail","6":"product_cat-antoni-gaudi-es","7":"product_cat-arte-y-arquitectura-es","8":"product_tag-aleman-es","9":"product_tag-chino-es","10":"product_tag-espanol","11":"product_tag-frances-es","12":"product_tag-holanda","13":"product_tag-ingles","14":"product_tag-italiano","15":"product_tag-japones-es","16":"product_tag-portugues-es","17":"product_tag-ruso-es","18":"product_tag--coreano","19":"pa_idioma-catalan","20":"pa_idioma-coreano","21":"pa_idioma-deutsch-es","22":"pa_idioma-english-es","23":"pa_idioma-espanol-es-2","24":"pa_idioma-francais-es","25":"pa_idioma-italiano-es","26":"pa_idioma-nederlands-es","27":"pa_idioma-portugues-es","28":"pa_idioma--es","32":"first","33":"instock","34":"taxable","35":"shipping-taxable","36":"purchasable","37":"product-type-variable","38":"has-default-attributes"},"acf":[],"_links":{"self":[{"href":"https:\/\/triangle.cat\/es\/wp-json\/wp\/v2\/product\/26201","targetHints":{"allow":["GET"]}}],"collection":[{"href":"https:\/\/triangle.cat\/es\/wp-json\/wp\/v2\/product"}],"about":[{"href":"https:\/\/triangle.cat\/es\/wp-json\/wp\/v2\/types\/product"}],"replies":[{"embeddable":true,"href":"https:\/\/triangle.cat\/es\/wp-json\/wp\/v2\/comments?post=26201"}],"wp:featuredmedia":[{"embeddable":true,"href":"https:\/\/triangle.cat\/es\/wp-json\/wp\/v2\/media\/4599"}],"wp:attachment":[{"href":"https:\/\/triangle.cat\/es\/wp-json\/wp\/v2\/media?parent=26201"}],"wp:term":[{"taxonomy":"product_brand","embeddable":true,"href":"https:\/\/triangle.cat\/es\/wp-json\/wp\/v2\/product_brand?post=26201"},{"taxonomy":"product_cat","embeddable":true,"href":"https:\/\/triangle.cat\/es\/wp-json\/wp\/v2\/product_cat?post=26201"},{"taxonomy":"product_tag","embeddable":true,"href":"https:\/\/triangle.cat\/es\/wp-json\/wp\/v2\/product_tag?post=26201"}],"curies":[{"name":"wp","href":"https:\/\/api.w.org\/{rel}","templated":true}]}}