
{"id":26198,"date":"2023-02-13T14:16:55","date_gmt":"2023-02-13T15:32:23","guid":{"rendered":"https:\/\/www.triangleeditorial.com\/producto\/magic-gaudi\/"},"modified":"2023-02-13T15:32:41","modified_gmt":"2023-02-13T15:32:41","slug":"magic-gaudi","status":"publish","type":"product","link":"https:\/\/triangle.cat\/es\/producto\/magic-gaudi\/","title":{"rendered":"Magic Gaud\u00ed"},"content":{"rendered":"","protected":false},"excerpt":{"rendered":"<p>La arquitectura de Gaud\u00ed ha sido fotografiada millones de veces, pero nunca hasta hoy lo hab\u00eda sido en 3D, lo que no s\u00f3lo nos permite conocer sus obras sino tambi\u00e9n penetrar en su interior, captar la dimensi\u00f3n de sus espacios, la morfolog\u00eda de sus objetos, el misterio de su luz, la intensidad de sus colores, en definitiva, la magia de toda su obra.<\/p>\n","protected":false},"featured_media":4298,"comment_status":"closed","ping_status":"open","template":"","meta":{"_acf_changed":false,"_monsterinsights_skip_tracking":false,"_monsterinsights_sitenote_active":false,"_monsterinsights_sitenote_note":"","_monsterinsights_sitenote_category":0},"product_brand":[],"product_cat":[1558,1553],"product_tag":[991,295,1008,293,319,1089],"class_list":{"0":"post-26198","1":"product","2":"type-product","3":"status-publish","4":"has-post-thumbnail","6":"product_cat-antoni-gaudi-es","7":"product_cat-fotografia-y-diseno","8":"product_tag-aleman-es","9":"product_tag-espanol","10":"product_tag-frances-es","11":"product_tag-ingles","12":"product_tag-italiano","13":"product_tag-ruso-es","14":"pa_idioma-english-deutsch-italiano-es","15":"pa_idioma-multilingue-espanol-francais--es","17":"first","18":"instock","19":"taxable","20":"shipping-taxable","21":"purchasable","22":"product-type-variable","23":"has-default-attributes"},"acf":[],"_links":{"self":[{"href":"https:\/\/triangle.cat\/es\/wp-json\/wp\/v2\/product\/26198","targetHints":{"allow":["GET"]}}],"collection":[{"href":"https:\/\/triangle.cat\/es\/wp-json\/wp\/v2\/product"}],"about":[{"href":"https:\/\/triangle.cat\/es\/wp-json\/wp\/v2\/types\/product"}],"replies":[{"embeddable":true,"href":"https:\/\/triangle.cat\/es\/wp-json\/wp\/v2\/comments?post=26198"}],"wp:featuredmedia":[{"embeddable":true,"href":"https:\/\/triangle.cat\/es\/wp-json\/wp\/v2\/media\/4298"}],"wp:attachment":[{"href":"https:\/\/triangle.cat\/es\/wp-json\/wp\/v2\/media?parent=26198"}],"wp:term":[{"taxonomy":"product_brand","embeddable":true,"href":"https:\/\/triangle.cat\/es\/wp-json\/wp\/v2\/product_brand?post=26198"},{"taxonomy":"product_cat","embeddable":true,"href":"https:\/\/triangle.cat\/es\/wp-json\/wp\/v2\/product_cat?post=26198"},{"taxonomy":"product_tag","embeddable":true,"href":"https:\/\/triangle.cat\/es\/wp-json\/wp\/v2\/product_tag?post=26198"}],"curies":[{"name":"wp","href":"https:\/\/api.w.org\/{rel}","templated":true}]}}