
{"id":26192,"date":"2023-02-13T14:16:08","date_gmt":"2023-02-13T15:31:53","guid":{"rendered":"https:\/\/www.triangleeditorial.com\/producto\/gaudi-2\/"},"modified":"2025-04-03T11:37:58","modified_gmt":"2025-04-03T09:37:58","slug":"gaudi-2","status":"publish","type":"product","link":"https:\/\/triangle.cat\/es\/producto\/gaudi-2\/","title":{"rendered":"Gaud\u00ed"},"content":{"rendered":"","protected":false},"excerpt":{"rendered":"<p>\u00abLa fuerza de Antoni Gaud\u00ed como arquitecto radica en su prol\u00edfica invenci\u00f3n de formas. La variedad y expresi\u00f3n de estas formas por s\u00ed solas, como esculturas o pinturas, le se\u00f1alar\u00edan ya como notable artista moderno. Pero, de hecho, son el resultado de unos inventos estructurales extraordinarios, de un imaginativo empleo de materiales y de un sentido sin igual de la decoraci\u00f3n&#8230;, tres atributos tradicionales de un arquitecto maestro.\u00bb (George R. Collins).Este libro muestra la maestr\u00eda y el genio de Gaud\u00ed en todo su esplendor y a trav\u00e9s de todas sus obras con las mejores fotograf\u00edas, textos descriptivos de cada obra, alzados, maquetas, proyecciones isom\u00e9tricas y v\u00eddeos exclusivos.\u201cGaud\u00ed, arquitecto singular\u201d es un libro imprescindible para conocer la obra de un arquitecto mundialmente reconocido como creador genial. As\u00ed lo atestigua la UNESCO al otorgarle a buena parte de sus edificios la categor\u00eda de Patrimonio Mundial.<\/p>\n","protected":false},"featured_media":43947,"comment_status":"closed","ping_status":"closed","template":"","meta":{"_acf_changed":false,"_monsterinsights_skip_tracking":false,"_monsterinsights_sitenote_active":false,"_monsterinsights_sitenote_note":"","_monsterinsights_sitenote_category":0},"product_brand":[],"product_cat":[1558,1537],"product_tag":[991,295,1008,293,319],"class_list":{"0":"post-26192","1":"product","2":"type-product","3":"status-publish","4":"has-post-thumbnail","6":"product_cat-antoni-gaudi-es","7":"product_cat-arte-y-arquitectura-es","8":"product_tag-aleman-es","9":"product_tag-espanol","10":"product_tag-frances-es","11":"product_tag-ingles","12":"product_tag-italiano","13":"pa_idioma-catalan","14":"pa_idioma-deutsch-es","15":"pa_idioma-english-es","16":"pa_idioma-espanol-es-2","17":"pa_idioma-francais-es","18":"pa_idioma-italiano-es","20":"first","21":"outofstock","22":"taxable","23":"shipping-taxable","24":"purchasable","25":"product-type-variable","26":"has-default-attributes"},"acf":[],"_links":{"self":[{"href":"https:\/\/triangle.cat\/es\/wp-json\/wp\/v2\/product\/26192","targetHints":{"allow":["GET"]}}],"collection":[{"href":"https:\/\/triangle.cat\/es\/wp-json\/wp\/v2\/product"}],"about":[{"href":"https:\/\/triangle.cat\/es\/wp-json\/wp\/v2\/types\/product"}],"replies":[{"embeddable":true,"href":"https:\/\/triangle.cat\/es\/wp-json\/wp\/v2\/comments?post=26192"}],"wp:featuredmedia":[{"embeddable":true,"href":"https:\/\/triangle.cat\/es\/wp-json\/wp\/v2\/media\/43947"}],"wp:attachment":[{"href":"https:\/\/triangle.cat\/es\/wp-json\/wp\/v2\/media?parent=26192"}],"wp:term":[{"taxonomy":"product_brand","embeddable":true,"href":"https:\/\/triangle.cat\/es\/wp-json\/wp\/v2\/product_brand?post=26192"},{"taxonomy":"product_cat","embeddable":true,"href":"https:\/\/triangle.cat\/es\/wp-json\/wp\/v2\/product_cat?post=26192"},{"taxonomy":"product_tag","embeddable":true,"href":"https:\/\/triangle.cat\/es\/wp-json\/wp\/v2\/product_tag?post=26192"}],"curies":[{"name":"wp","href":"https:\/\/api.w.org\/{rel}","templated":true}]}}