
{"id":26187,"date":"2023-02-13T14:15:38","date_gmt":"2023-02-13T15:31:27","guid":{"rendered":"https:\/\/www.triangleeditorial.com\/producto\/gaudi\/"},"modified":"2025-07-18T11:47:35","modified_gmt":"2025-07-18T09:47:35","slug":"gaudi","status":"publish","type":"product","link":"https:\/\/triangle.cat\/es\/producto\/gaudi\/","title":{"rendered":"Gaud\u00ed"},"content":{"rendered":"","protected":false},"excerpt":{"rendered":"<p>Juan-Eduardo Cirlot, poeta, cr\u00edtico de arte y especialista en simbolismo, fue uno de los primeros intelectuales europeos en reivindicar la obra de Gaud\u00ed. En este libro fundamental, su Introducci\u00f3n a la arquitectura de Gaud\u00ed relaciona la obra del gran arquitecto con Picasso, Klimt, Kandisky, Nietzsche, Zola o la arquitectura africana.Toda la obra arquitect\u00f3nica de Gaud\u00ed, desde sus primeros trabajos hasta las cimas de su madurez, est\u00e1 reunida en este volumen, con extraordinarias fotograf\u00edas de Pere Vivas y Ricard Pla.Adem\u00e1s de una cronolog\u00eda visual de la biograf\u00eda de Gaud\u00ed, cada obra contiene descripciones, fichas t\u00e9cnicas y alzados del edificio.<\/p>\n","protected":false},"featured_media":8069,"comment_status":"closed","ping_status":"closed","template":"","meta":{"_acf_changed":false,"_monsterinsights_skip_tracking":false,"_monsterinsights_sitenote_active":false,"_monsterinsights_sitenote_note":"","_monsterinsights_sitenote_category":0},"product_brand":[],"product_cat":[1558,1537],"product_tag":[292,295,1008,293],"class_list":{"0":"post-26187","1":"product","2":"type-product","3":"status-publish","4":"has-post-thumbnail","6":"product_cat-antoni-gaudi-es","7":"product_cat-arte-y-arquitectura-es","8":"product_tag-catalan","9":"product_tag-espanol","10":"product_tag-frances-es","11":"product_tag-ingles","12":"pa_idioma-catalan","13":"pa_idioma-english-es","14":"pa_idioma-espanol-es-2","16":"first","17":"instock","18":"taxable","19":"shipping-taxable","20":"purchasable","21":"product-type-variable","22":"has-default-attributes"},"acf":[],"_links":{"self":[{"href":"https:\/\/triangle.cat\/es\/wp-json\/wp\/v2\/product\/26187","targetHints":{"allow":["GET"]}}],"collection":[{"href":"https:\/\/triangle.cat\/es\/wp-json\/wp\/v2\/product"}],"about":[{"href":"https:\/\/triangle.cat\/es\/wp-json\/wp\/v2\/types\/product"}],"replies":[{"embeddable":true,"href":"https:\/\/triangle.cat\/es\/wp-json\/wp\/v2\/comments?post=26187"}],"wp:featuredmedia":[{"embeddable":true,"href":"https:\/\/triangle.cat\/es\/wp-json\/wp\/v2\/media\/8069"}],"wp:attachment":[{"href":"https:\/\/triangle.cat\/es\/wp-json\/wp\/v2\/media?parent=26187"}],"wp:term":[{"taxonomy":"product_brand","embeddable":true,"href":"https:\/\/triangle.cat\/es\/wp-json\/wp\/v2\/product_brand?post=26187"},{"taxonomy":"product_cat","embeddable":true,"href":"https:\/\/triangle.cat\/es\/wp-json\/wp\/v2\/product_cat?post=26187"},{"taxonomy":"product_tag","embeddable":true,"href":"https:\/\/triangle.cat\/es\/wp-json\/wp\/v2\/product_tag?post=26187"}],"curies":[{"name":"wp","href":"https:\/\/api.w.org\/{rel}","templated":true}]}}