
{"id":26179,"date":"2023-02-13T14:15:02","date_gmt":"2023-02-13T15:30:48","guid":{"rendered":"https:\/\/www.triangleeditorial.com\/producto\/palau-de-la-musica-catalana\/"},"modified":"2023-02-13T15:31:29","modified_gmt":"2023-02-13T15:31:29","slug":"palau-de-la-musica-catalana","status":"publish","type":"product","link":"https:\/\/triangle.cat\/es\/producto\/palau-de-la-musica-catalana\/","title":{"rendered":"Palau de la M\u00fasica Catalana"},"content":{"rendered":"","protected":false},"excerpt":{"rendered":"<p>Desde 1908, esta joya del modernismo catal\u00e1n ha sido el centro musical de Barcelona. Por su gran valor simb\u00f3lico y arquitect\u00f3nico, este edificio de Llu\u00eds Dom\u00e8nech i Montaner forma parte del Patrimonio Mundial de la Humanidad. Esta gu\u00eda muestra todos los espacios del edificio incluyendo las \u00faltimas reformas.<\/p>\n","protected":false},"featured_media":21138,"comment_status":"closed","ping_status":"open","template":"","meta":{"_acf_changed":false,"_monsterinsights_skip_tracking":false,"_monsterinsights_sitenote_active":false,"_monsterinsights_sitenote_note":"","_monsterinsights_sitenote_category":0},"product_brand":[],"product_cat":[1497,1501,1540,1509],"product_tag":[991,292,295,1008,293,319,1089],"class_list":{"0":"post-26179","1":"product","2":"type-product","3":"status-publish","4":"has-post-thumbnail","6":"product_cat-arte-y-arquitectura","7":"product_cat-barcelona-es","8":"product_cat-barcelona-es-2","9":"product_cat-fotoguias","10":"product_tag-aleman-es","11":"product_tag-catalan","12":"product_tag-espanol","13":"product_tag-frances-es","14":"product_tag-ingles","15":"product_tag-italiano","16":"product_tag-ruso-es","17":"pa_idioma-catalan","18":"pa_idioma-deutsch-es","19":"pa_idioma-english-es","20":"pa_idioma-espanol-es-2","21":"pa_idioma-francais-es","22":"pa_idioma-italiano-es","23":"pa_idioma--es","25":"first","26":"instock","27":"taxable","28":"shipping-taxable","29":"purchasable","30":"product-type-variable","31":"has-default-attributes"},"acf":[],"_links":{"self":[{"href":"https:\/\/triangle.cat\/es\/wp-json\/wp\/v2\/product\/26179","targetHints":{"allow":["GET"]}}],"collection":[{"href":"https:\/\/triangle.cat\/es\/wp-json\/wp\/v2\/product"}],"about":[{"href":"https:\/\/triangle.cat\/es\/wp-json\/wp\/v2\/types\/product"}],"replies":[{"embeddable":true,"href":"https:\/\/triangle.cat\/es\/wp-json\/wp\/v2\/comments?post=26179"}],"wp:featuredmedia":[{"embeddable":true,"href":"https:\/\/triangle.cat\/es\/wp-json\/wp\/v2\/media\/21138"}],"wp:attachment":[{"href":"https:\/\/triangle.cat\/es\/wp-json\/wp\/v2\/media?parent=26179"}],"wp:term":[{"taxonomy":"product_brand","embeddable":true,"href":"https:\/\/triangle.cat\/es\/wp-json\/wp\/v2\/product_brand?post=26179"},{"taxonomy":"product_cat","embeddable":true,"href":"https:\/\/triangle.cat\/es\/wp-json\/wp\/v2\/product_cat?post=26179"},{"taxonomy":"product_tag","embeddable":true,"href":"https:\/\/triangle.cat\/es\/wp-json\/wp\/v2\/product_tag?post=26179"}],"curies":[{"name":"wp","href":"https:\/\/api.w.org\/{rel}","templated":true}]}}