
{"id":26170,"date":"2023-02-13T14:13:00","date_gmt":"2023-02-13T15:28:48","guid":{"rendered":"https:\/\/www.triangleeditorial.com\/producto\/teatro-museo-dali\/"},"modified":"2025-11-27T10:30:46","modified_gmt":"2025-11-27T08:30:46","slug":"teatro-museo-dali","status":"publish","type":"product","link":"https:\/\/triangle.cat\/es\/producto\/teatro-museo-dali\/","title":{"rendered":"Teatro-Museo Dal\u00ed"},"content":{"rendered":"","protected":false},"excerpt":{"rendered":"<p>Un recorrido ordenado y completo por el Teatro-Museo que Dal\u00ed dise\u00f1\u00f3 en Figueres. Numerosas fotograf\u00edas comentadas, datos hist\u00f3ricos, apuntes biogr\u00e1ficos, curiosidades y un plano explicativo del recinto se reunen en esta gu\u00eda.<\/p>\n","protected":false},"featured_media":21125,"comment_status":"closed","ping_status":"closed","template":"","meta":{"_acf_changed":false,"_monsterinsights_skip_tracking":false,"_monsterinsights_sitenote_active":false,"_monsterinsights_sitenote_note":"","_monsterinsights_sitenote_category":0},"product_brand":[],"product_cat":[1497,1503,1509,1549],"product_tag":[991,292,295,1008,293,319,1095,1089],"class_list":{"0":"post-26170","1":"product","2":"type-product","3":"status-publish","4":"has-post-thumbnail","6":"product_cat-arte-y-arquitectura","7":"product_cat-cataluna","8":"product_cat-fotoguias","9":"product_cat-salvador-dali-es","10":"product_tag-aleman-es","11":"product_tag-catalan","12":"product_tag-espanol","13":"product_tag-frances-es","14":"product_tag-ingles","15":"product_tag-italiano","16":"product_tag-japones-es","17":"product_tag-ruso-es","18":"pa_idioma-catalan","19":"pa_idioma-deutsch-es","20":"pa_idioma-english-es","21":"pa_idioma-espanol-es-2","22":"pa_idioma-francais-es","23":"pa_idioma-italiano-es","24":"pa_idioma--es","27":"first","28":"instock","29":"taxable","30":"shipping-taxable","31":"purchasable","32":"product-type-variable","33":"has-default-attributes"},"acf":[],"_links":{"self":[{"href":"https:\/\/triangle.cat\/es\/wp-json\/wp\/v2\/product\/26170","targetHints":{"allow":["GET"]}}],"collection":[{"href":"https:\/\/triangle.cat\/es\/wp-json\/wp\/v2\/product"}],"about":[{"href":"https:\/\/triangle.cat\/es\/wp-json\/wp\/v2\/types\/product"}],"replies":[{"embeddable":true,"href":"https:\/\/triangle.cat\/es\/wp-json\/wp\/v2\/comments?post=26170"}],"wp:featuredmedia":[{"embeddable":true,"href":"https:\/\/triangle.cat\/es\/wp-json\/wp\/v2\/media\/21125"}],"wp:attachment":[{"href":"https:\/\/triangle.cat\/es\/wp-json\/wp\/v2\/media?parent=26170"}],"wp:term":[{"taxonomy":"product_brand","embeddable":true,"href":"https:\/\/triangle.cat\/es\/wp-json\/wp\/v2\/product_brand?post=26170"},{"taxonomy":"product_cat","embeddable":true,"href":"https:\/\/triangle.cat\/es\/wp-json\/wp\/v2\/product_cat?post=26170"},{"taxonomy":"product_tag","embeddable":true,"href":"https:\/\/triangle.cat\/es\/wp-json\/wp\/v2\/product_tag?post=26170"}],"curies":[{"name":"wp","href":"https:\/\/api.w.org\/{rel}","templated":true}]}}