
{"id":26168,"date":"2023-02-13T14:12:30","date_gmt":"2023-02-13T15:28:38","guid":{"rendered":"https:\/\/www.triangleeditorial.com\/producto\/formentera-2\/"},"modified":"2023-02-13T15:28:49","modified_gmt":"2023-02-13T15:28:49","slug":"formentera-2","status":"publish","type":"product","link":"https:\/\/triangle.cat\/es\/producto\/formentera-2\/","title":{"rendered":"Formentera"},"content":{"rendered":"","protected":false},"excerpt":{"rendered":"<p>La fot\u00f3grafa Eva Parey nos adentra en las ra\u00edces de la isla de Formentera a trav\u00e9s de los retratos \u00edntimos de familias tradicionales cuya econom\u00eda a\u00fan se basen la en la subsistencia de la tierra y el mar. Un viaje al interior de un territorio \u00e1rido y seco que ha conformado el car\u00e1cter formenterano.<\/p>\n","protected":false},"featured_media":25102,"comment_status":"closed","ping_status":"closed","template":"","meta":{"_acf_changed":false,"_monsterinsights_skip_tracking":false,"_monsterinsights_sitenote_active":false,"_monsterinsights_sitenote_note":"","_monsterinsights_sitenote_category":0},"product_brand":[],"product_cat":[1553,1552],"product_tag":[],"class_list":{"0":"post-26168","1":"product","2":"type-product","3":"status-publish","4":"has-post-thumbnail","6":"product_cat-fotografia-y-diseno","7":"product_cat-ibiza-formentera-es","8":"pa_idioma-multilingue-catala-espanol-english-francais-italiano-es","10":"first","11":"instock","12":"taxable","13":"shipping-taxable","14":"purchasable","15":"product-type-variable","16":"has-default-attributes"},"acf":[],"_links":{"self":[{"href":"https:\/\/triangle.cat\/es\/wp-json\/wp\/v2\/product\/26168","targetHints":{"allow":["GET"]}}],"collection":[{"href":"https:\/\/triangle.cat\/es\/wp-json\/wp\/v2\/product"}],"about":[{"href":"https:\/\/triangle.cat\/es\/wp-json\/wp\/v2\/types\/product"}],"replies":[{"embeddable":true,"href":"https:\/\/triangle.cat\/es\/wp-json\/wp\/v2\/comments?post=26168"}],"wp:featuredmedia":[{"embeddable":true,"href":"https:\/\/triangle.cat\/es\/wp-json\/wp\/v2\/media\/25102"}],"wp:attachment":[{"href":"https:\/\/triangle.cat\/es\/wp-json\/wp\/v2\/media?parent=26168"}],"wp:term":[{"taxonomy":"product_brand","embeddable":true,"href":"https:\/\/triangle.cat\/es\/wp-json\/wp\/v2\/product_brand?post=26168"},{"taxonomy":"product_cat","embeddable":true,"href":"https:\/\/triangle.cat\/es\/wp-json\/wp\/v2\/product_cat?post=26168"},{"taxonomy":"product_tag","embeddable":true,"href":"https:\/\/triangle.cat\/es\/wp-json\/wp\/v2\/product_tag?post=26168"}],"curies":[{"name":"wp","href":"https:\/\/api.w.org\/{rel}","templated":true}]}}