
{"id":26161,"date":"2023-02-13T14:11:19","date_gmt":"2023-02-13T15:27:49","guid":{"rendered":"https:\/\/www.triangleeditorial.com\/producto\/valencia\/"},"modified":"2023-02-13T15:28:40","modified_gmt":"2023-02-13T15:28:40","slug":"valencia","status":"publish","type":"product","link":"https:\/\/triangle.cat\/es\/producto\/valencia\/","title":{"rendered":"Valencia"},"content":{"rendered":"","protected":false},"excerpt":{"rendered":"<p>Esta es una gu\u00eda fotogr\u00e1fica pensada, especialmente, para acompa\u00f1ar a los visitantes que desean conocer la ciudad de Valencia paseando con el Bus Tur\u00edstico. El centro hist\u00f3rico, los ensanches, el jard\u00edn del Turia, las nuevas avenidas, la Ciudad de las Artes y las Ciencias, la presencia urbana del modernismo, el puerto, las playas urbanas, el parque natural de la Albufera\u2026 son escenarios privilegiados de esta gu\u00eda visual, donde se descubre que la recreaci\u00f3n con im\u00e1genes de los dos milenios de historia de Valencia constituyen un aut\u00e9ntico goce para los cinco sentidos.<\/p>\n","protected":false},"featured_media":25027,"comment_status":"closed","ping_status":"open","template":"","meta":{"_acf_changed":false,"_monsterinsights_skip_tracking":false,"_monsterinsights_sitenote_active":false,"_monsterinsights_sitenote_note":"","_monsterinsights_sitenote_category":0},"product_brand":[],"product_cat":[1497,1509,1576],"product_tag":[991,295,1008,293,319,1089],"class_list":{"0":"post-26161","1":"product","2":"type-product","3":"status-publish","4":"has-post-thumbnail","6":"product_cat-arte-y-arquitectura","7":"product_cat-fotoguias","8":"product_cat-valencia-costa-blanca-es","9":"product_tag-aleman-es","10":"product_tag-espanol","11":"product_tag-frances-es","12":"product_tag-ingles","13":"product_tag-italiano","14":"product_tag-ruso-es","15":"pa_idioma-deutsch-es","16":"pa_idioma-english-es","17":"pa_idioma-espanol-es-2","18":"pa_idioma-francais-es","19":"pa_idioma-italiano-es","20":"pa_idioma--es","22":"first","23":"instock","24":"taxable","25":"shipping-taxable","26":"purchasable","27":"product-type-variable","28":"has-default-attributes"},"acf":[],"_links":{"self":[{"href":"https:\/\/triangle.cat\/es\/wp-json\/wp\/v2\/product\/26161","targetHints":{"allow":["GET"]}}],"collection":[{"href":"https:\/\/triangle.cat\/es\/wp-json\/wp\/v2\/product"}],"about":[{"href":"https:\/\/triangle.cat\/es\/wp-json\/wp\/v2\/types\/product"}],"replies":[{"embeddable":true,"href":"https:\/\/triangle.cat\/es\/wp-json\/wp\/v2\/comments?post=26161"}],"wp:featuredmedia":[{"embeddable":true,"href":"https:\/\/triangle.cat\/es\/wp-json\/wp\/v2\/media\/25027"}],"wp:attachment":[{"href":"https:\/\/triangle.cat\/es\/wp-json\/wp\/v2\/media?parent=26161"}],"wp:term":[{"taxonomy":"product_brand","embeddable":true,"href":"https:\/\/triangle.cat\/es\/wp-json\/wp\/v2\/product_brand?post=26161"},{"taxonomy":"product_cat","embeddable":true,"href":"https:\/\/triangle.cat\/es\/wp-json\/wp\/v2\/product_cat?post=26161"},{"taxonomy":"product_tag","embeddable":true,"href":"https:\/\/triangle.cat\/es\/wp-json\/wp\/v2\/product_tag?post=26161"}],"curies":[{"name":"wp","href":"https:\/\/api.w.org\/{rel}","templated":true}]}}