
{"id":26154,"date":"2023-02-13T14:10:42","date_gmt":"2023-02-13T15:27:08","guid":{"rendered":"https:\/\/www.triangleeditorial.com\/producto\/lescala\/"},"modified":"2025-10-26T15:14:45","modified_gmt":"2025-10-26T13:14:45","slug":"lescala","status":"publish","type":"product","link":"https:\/\/triangle.cat\/es\/producto\/lescala\/","title":{"rendered":"L\u2019Escala"},"content":{"rendered":"","protected":false},"excerpt":{"rendered":"<p>Esta FotoGu\u00eda muestra los rincones, las costumbres y la vida diaria de una villa que vive cara al mar. Paisaje, cultura, patrimonio y gastronom\u00eda conforman la personalidad de este pueblo marinero. La paleta crom\u00e1tica de monta\u00f1as, colinas, calas y playas os transmitir\u00e1 la serenidad y armon\u00eda que, muchos siglos atr\u00e1s, halagaron los sentidos de las civilizaciones griega y romana.<\/p>\n","protected":false},"featured_media":21114,"comment_status":"closed","ping_status":"open","template":"","meta":{"_acf_changed":false,"_monsterinsights_skip_tracking":false,"_monsterinsights_sitenote_active":false,"_monsterinsights_sitenote_note":"","_monsterinsights_sitenote_category":0},"product_brand":[],"product_cat":[1503,1509,1561],"product_tag":[991,292,295,1008,293,319],"class_list":{"0":"post-26154","1":"product","2":"type-product","3":"status-publish","4":"has-post-thumbnail","6":"product_cat-cataluna","7":"product_cat-fotoguias","8":"product_cat-girona-costa-brava-es","9":"product_tag-aleman-es","10":"product_tag-catalan","11":"product_tag-espanol","12":"product_tag-frances-es","13":"product_tag-ingles","14":"product_tag-italiano","15":"pa_idioma-catalan","16":"pa_idioma-deutsch-es","17":"pa_idioma-english-es","18":"pa_idioma-espanol-es-2","19":"pa_idioma-francais-es","20":"pa_idioma-italiano-es","22":"first","23":"instock","24":"taxable","25":"shipping-taxable","26":"purchasable","27":"product-type-variable","28":"has-default-attributes"},"acf":[],"_links":{"self":[{"href":"https:\/\/triangle.cat\/es\/wp-json\/wp\/v2\/product\/26154","targetHints":{"allow":["GET"]}}],"collection":[{"href":"https:\/\/triangle.cat\/es\/wp-json\/wp\/v2\/product"}],"about":[{"href":"https:\/\/triangle.cat\/es\/wp-json\/wp\/v2\/types\/product"}],"replies":[{"embeddable":true,"href":"https:\/\/triangle.cat\/es\/wp-json\/wp\/v2\/comments?post=26154"}],"wp:featuredmedia":[{"embeddable":true,"href":"https:\/\/triangle.cat\/es\/wp-json\/wp\/v2\/media\/21114"}],"wp:attachment":[{"href":"https:\/\/triangle.cat\/es\/wp-json\/wp\/v2\/media?parent=26154"}],"wp:term":[{"taxonomy":"product_brand","embeddable":true,"href":"https:\/\/triangle.cat\/es\/wp-json\/wp\/v2\/product_brand?post=26154"},{"taxonomy":"product_cat","embeddable":true,"href":"https:\/\/triangle.cat\/es\/wp-json\/wp\/v2\/product_cat?post=26154"},{"taxonomy":"product_tag","embeddable":true,"href":"https:\/\/triangle.cat\/es\/wp-json\/wp\/v2\/product_tag?post=26154"}],"curies":[{"name":"wp","href":"https:\/\/api.w.org\/{rel}","templated":true}]}}