
{"id":26147,"date":"2023-02-13T14:09:53","date_gmt":"2023-02-13T15:26:21","guid":{"rendered":"https:\/\/www.triangleeditorial.com\/producto\/empuries\/"},"modified":"2025-10-26T15:14:43","modified_gmt":"2025-10-26T13:14:43","slug":"empuries","status":"publish","type":"product","link":"https:\/\/triangle.cat\/es\/producto\/empuries\/","title":{"rendered":"Emp\u00faries"},"content":{"rendered":"","protected":false},"excerpt":{"rendered":"<p>Esta FotoGu\u00eda explica en detalle los or\u00edgenes de la presencia griega y romana en Emp\u00faries, lugar de llegada del mundo cl\u00e1sico a la pen\u00ednsula Ib\u00e9rica. La pujanza de ambas ciudades convirti\u00f3 Emp\u00faries en un crisol de culturas. Un recorrido visual, ilustrado con las principales piezas que aloja el Museo, que permite conocer la belleza del Conjunto Arqueol\u00f3gico de Emp\u00faries. Un tesoro cl\u00e1sico en el coraz\u00f3n de L\u2019Empord\u00e0.<\/p>\n","protected":false},"featured_media":21103,"comment_status":"closed","ping_status":"open","template":"","meta":{"_acf_changed":false,"_monsterinsights_skip_tracking":false,"_monsterinsights_sitenote_active":false,"_monsterinsights_sitenote_note":"","_monsterinsights_sitenote_category":0},"product_brand":[],"product_cat":[1537,1497,1503,1509,1561],"product_tag":[991,292,295,1008,293,319],"class_list":{"0":"post-26147","1":"product","2":"type-product","3":"status-publish","4":"has-post-thumbnail","6":"product_cat-arte-y-arquitectura-es","7":"product_cat-arte-y-arquitectura","8":"product_cat-cataluna","9":"product_cat-fotoguias","10":"product_cat-girona-costa-brava-es","11":"product_tag-aleman-es","12":"product_tag-catalan","13":"product_tag-espanol","14":"product_tag-frances-es","15":"product_tag-ingles","16":"product_tag-italiano","17":"pa_idioma-catalan","18":"pa_idioma-deutsch-es","19":"pa_idioma-english-es","20":"pa_idioma-espanol-es-2","21":"pa_idioma-francais-es","22":"pa_idioma-italiano-es","24":"first","25":"instock","26":"taxable","27":"shipping-taxable","28":"purchasable","29":"product-type-variable","30":"has-default-attributes"},"acf":[],"_links":{"self":[{"href":"https:\/\/triangle.cat\/es\/wp-json\/wp\/v2\/product\/26147","targetHints":{"allow":["GET"]}}],"collection":[{"href":"https:\/\/triangle.cat\/es\/wp-json\/wp\/v2\/product"}],"about":[{"href":"https:\/\/triangle.cat\/es\/wp-json\/wp\/v2\/types\/product"}],"replies":[{"embeddable":true,"href":"https:\/\/triangle.cat\/es\/wp-json\/wp\/v2\/comments?post=26147"}],"wp:featuredmedia":[{"embeddable":true,"href":"https:\/\/triangle.cat\/es\/wp-json\/wp\/v2\/media\/21103"}],"wp:attachment":[{"href":"https:\/\/triangle.cat\/es\/wp-json\/wp\/v2\/media?parent=26147"}],"wp:term":[{"taxonomy":"product_brand","embeddable":true,"href":"https:\/\/triangle.cat\/es\/wp-json\/wp\/v2\/product_brand?post=26147"},{"taxonomy":"product_cat","embeddable":true,"href":"https:\/\/triangle.cat\/es\/wp-json\/wp\/v2\/product_cat?post=26147"},{"taxonomy":"product_tag","embeddable":true,"href":"https:\/\/triangle.cat\/es\/wp-json\/wp\/v2\/product_tag?post=26147"}],"curies":[{"name":"wp","href":"https:\/\/api.w.org\/{rel}","templated":true}]}}