
{"id":26145,"date":"2023-02-13T14:09:48","date_gmt":"2023-02-13T15:26:11","guid":{"rendered":"https:\/\/www.triangleeditorial.com\/producto\/barcelona-festes\/"},"modified":"2023-02-13T15:26:23","modified_gmt":"2023-02-13T15:26:23","slug":"barcelona-festes","status":"publish","type":"product","link":"https:\/\/triangle.cat\/es\/producto\/barcelona-festes\/","title":{"rendered":"Barcelona festes"},"content":{"rendered":"","protected":false},"excerpt":{"rendered":"<p>A los barceloneses nos encantan las fiestas. La fiesta la construimos, la vivimos con intensidad, es el punto \u00e1lgido de expresi\u00f3n de la vida ciudadana, en definitiva, la disfrutamos. Con este libro tambi\u00e9n podr\u00e9is disfrutar de la vitalidad de las fiestas tradicionales de Barcelona, que ocupan la calle todo el a\u00f1o.<\/p>\n","protected":false},"featured_media":16752,"comment_status":"closed","ping_status":"closed","template":"","meta":{"_acf_changed":false,"_monsterinsights_skip_tracking":false,"_monsterinsights_sitenote_active":false,"_monsterinsights_sitenote_note":"","_monsterinsights_sitenote_category":0},"product_brand":[],"product_cat":[1540,1529,1460],"product_tag":[],"class_list":{"0":"post-26145","1":"product","2":"type-product","3":"status-publish","4":"has-post-thumbnail","6":"product_cat-barcelona-es-2","7":"product_cat-libros","8":"product_cat-sin-categorizar-es","9":"pa_idioma-multilingue-catala-espanol-english-es","11":"first","12":"instock","13":"purchasable","14":"product-type-variable"},"acf":[],"_links":{"self":[{"href":"https:\/\/triangle.cat\/es\/wp-json\/wp\/v2\/product\/26145","targetHints":{"allow":["GET"]}}],"collection":[{"href":"https:\/\/triangle.cat\/es\/wp-json\/wp\/v2\/product"}],"about":[{"href":"https:\/\/triangle.cat\/es\/wp-json\/wp\/v2\/types\/product"}],"replies":[{"embeddable":true,"href":"https:\/\/triangle.cat\/es\/wp-json\/wp\/v2\/comments?post=26145"}],"wp:featuredmedia":[{"embeddable":true,"href":"https:\/\/triangle.cat\/es\/wp-json\/wp\/v2\/media\/16752"}],"wp:attachment":[{"href":"https:\/\/triangle.cat\/es\/wp-json\/wp\/v2\/media?parent=26145"}],"wp:term":[{"taxonomy":"product_brand","embeddable":true,"href":"https:\/\/triangle.cat\/es\/wp-json\/wp\/v2\/product_brand?post=26145"},{"taxonomy":"product_cat","embeddable":true,"href":"https:\/\/triangle.cat\/es\/wp-json\/wp\/v2\/product_cat?post=26145"},{"taxonomy":"product_tag","embeddable":true,"href":"https:\/\/triangle.cat\/es\/wp-json\/wp\/v2\/product_tag?post=26145"}],"curies":[{"name":"wp","href":"https:\/\/api.w.org\/{rel}","templated":true}]}}