
{"id":24496,"date":"2023-02-13T11:17:10","date_gmt":"2023-02-13T12:18:13","guid":{"rendered":"https:\/\/www.triangleeditorial.com\/producto\/eivissa-ibiza-2\/"},"modified":"2025-02-25T09:09:42","modified_gmt":"2025-02-25T07:09:42","slug":"eivissa-ibiza-2","status":"publish","type":"product","link":"https:\/\/triangle.cat\/es\/producto\/eivissa-ibiza-2\/","title":{"rendered":"Eivissa | Ibiza"},"content":{"rendered":"","protected":false},"excerpt":{"rendered":"<p>Jaume Balany\u00e0 nos hace viajar a una a\u00f1orada Ibiza con mucho car\u00e1cter: arquitectura, paisaje y, sobre todo, sus gentes.Mientras realizaba el tedioso servicio militar en Ibiza, la mirada del entonces joven fot\u00f3grafo, se adentra por las calles de Vila mostrando la vida de la capital, observa la llegada de forasteros y\u00a0hippies, retrata la m\u00edtica tolerancia de los ibicencos y, recorriendo la isla en bicicleta, reproduce la belleza de la arquitectura y de la vida tradicional.<\/p>\n","protected":false},"featured_media":30576,"comment_status":"closed","ping_status":"closed","template":"","meta":{"_acf_changed":false,"_monsterinsights_skip_tracking":false,"_monsterinsights_sitenote_active":false,"_monsterinsights_sitenote_note":"","_monsterinsights_sitenote_category":0},"product_brand":[],"product_cat":[1553,1552],"product_tag":[],"class_list":{"0":"post-24496","1":"product","2":"type-product","3":"status-publish","4":"has-post-thumbnail","6":"product_cat-fotografia-y-diseno","7":"product_cat-ibiza-formentera-es","8":"pa_idioma-multilingue-catala-espanol-english-es","10":"first","11":"instock","12":"taxable","13":"shipping-taxable","14":"purchasable","15":"product-type-variable","16":"has-default-attributes"},"acf":[],"_links":{"self":[{"href":"https:\/\/triangle.cat\/es\/wp-json\/wp\/v2\/product\/24496","targetHints":{"allow":["GET"]}}],"collection":[{"href":"https:\/\/triangle.cat\/es\/wp-json\/wp\/v2\/product"}],"about":[{"href":"https:\/\/triangle.cat\/es\/wp-json\/wp\/v2\/types\/product"}],"replies":[{"embeddable":true,"href":"https:\/\/triangle.cat\/es\/wp-json\/wp\/v2\/comments?post=24496"}],"wp:featuredmedia":[{"embeddable":true,"href":"https:\/\/triangle.cat\/es\/wp-json\/wp\/v2\/media\/30576"}],"wp:attachment":[{"href":"https:\/\/triangle.cat\/es\/wp-json\/wp\/v2\/media?parent=24496"}],"wp:term":[{"taxonomy":"product_brand","embeddable":true,"href":"https:\/\/triangle.cat\/es\/wp-json\/wp\/v2\/product_brand?post=24496"},{"taxonomy":"product_cat","embeddable":true,"href":"https:\/\/triangle.cat\/es\/wp-json\/wp\/v2\/product_cat?post=24496"},{"taxonomy":"product_tag","embeddable":true,"href":"https:\/\/triangle.cat\/es\/wp-json\/wp\/v2\/product_tag?post=24496"}],"curies":[{"name":"wp","href":"https:\/\/api.w.org\/{rel}","templated":true}]}}