
{"id":24488,"date":"2023-02-13T11:16:27","date_gmt":"2023-02-13T12:17:23","guid":{"rendered":"https:\/\/www.triangleeditorial.com\/producto\/eivissa-ibiza\/"},"modified":"2023-02-13T12:18:15","modified_gmt":"2023-02-13T12:18:15","slug":"eivissa-ibiza","status":"publish","type":"product","link":"https:\/\/triangle.cat\/es\/producto\/eivissa-ibiza\/","title":{"rendered":"Eivissa \u2022 Ibiza"},"content":{"rendered":"","protected":false},"excerpt":{"rendered":"<p>Punto de encuentro entre culturas a trav\u00e9s de los siglos, fenicios, cartagineses, romanos, \u00e1rabes y catalanes encontraron en la isla un lugar estrat\u00e9gico para la navegaci\u00f3n por el Mediterr\u00e1neo. Quiz\u00e1s por esta convivencia multicultural secular, o por razones que escapan al entendimiento humano, o justamente porque aqu\u00ed lo hay, Ibiza transpira una patente tolerancia: cada uno es como es y en Ibiza cada cual puede ser como quiera. Y todo ello en medio de un paisaje natural suave y ondulado que limita con el mar por todas partes y expande el esp\u00edritu a altas cotas de plenitud.<\/p>\n","protected":false},"featured_media":7614,"comment_status":"closed","ping_status":"open","template":"","meta":{"_acf_changed":false,"_monsterinsights_skip_tracking":false,"_monsterinsights_sitenote_active":false,"_monsterinsights_sitenote_note":"","_monsterinsights_sitenote_category":0},"product_brand":[],"product_cat":[1552],"product_tag":[991,292,295,1008,293,319,1089],"class_list":{"0":"post-24488","1":"product","2":"type-product","3":"status-publish","4":"has-post-thumbnail","6":"product_cat-ibiza-formentera-es","7":"product_tag-aleman-es","8":"product_tag-catalan","9":"product_tag-espanol","10":"product_tag-frances-es","11":"product_tag-ingles","12":"product_tag-italiano","13":"product_tag-ruso-es","14":"pa_idioma-catalan","15":"pa_idioma-deutsch-es","16":"pa_idioma-english-es","17":"pa_idioma-espanol-es-2","18":"pa_idioma-francais-es","19":"pa_idioma-italiano-es","20":"pa_idioma--es","22":"first","23":"instock","24":"taxable","25":"shipping-taxable","26":"purchasable","27":"product-type-variable","28":"has-default-attributes"},"acf":[],"_links":{"self":[{"href":"https:\/\/triangle.cat\/es\/wp-json\/wp\/v2\/product\/24488","targetHints":{"allow":["GET"]}}],"collection":[{"href":"https:\/\/triangle.cat\/es\/wp-json\/wp\/v2\/product"}],"about":[{"href":"https:\/\/triangle.cat\/es\/wp-json\/wp\/v2\/types\/product"}],"replies":[{"embeddable":true,"href":"https:\/\/triangle.cat\/es\/wp-json\/wp\/v2\/comments?post=24488"}],"wp:featuredmedia":[{"embeddable":true,"href":"https:\/\/triangle.cat\/es\/wp-json\/wp\/v2\/media\/7614"}],"wp:attachment":[{"href":"https:\/\/triangle.cat\/es\/wp-json\/wp\/v2\/media?parent=24488"}],"wp:term":[{"taxonomy":"product_brand","embeddable":true,"href":"https:\/\/triangle.cat\/es\/wp-json\/wp\/v2\/product_brand?post=24488"},{"taxonomy":"product_cat","embeddable":true,"href":"https:\/\/triangle.cat\/es\/wp-json\/wp\/v2\/product_cat?post=24488"},{"taxonomy":"product_tag","embeddable":true,"href":"https:\/\/triangle.cat\/es\/wp-json\/wp\/v2\/product_tag?post=24488"}],"curies":[{"name":"wp","href":"https:\/\/api.w.org\/{rel}","templated":true}]}}