
{"id":24486,"date":"2023-02-13T11:13:48","date_gmt":"2023-02-13T12:14:46","guid":{"rendered":"https:\/\/www.triangleeditorial.com\/producto\/eriko-horiki\/"},"modified":"2023-02-13T12:17:25","modified_gmt":"2023-02-13T12:17:25","slug":"eriko-horiki","status":"publish","type":"product","link":"https:\/\/triangle.cat\/es\/producto\/eriko-horiki\/","title":{"rendered":"Eriko Horiki"},"content":{"rendered":"","protected":false},"excerpt":{"rendered":"<p>El papel japon\u00e9s, washi, desempe\u00f1a una funci\u00f3n transcendental en el seno de la cultura nipona. Es el v\u00ednculo entre los dioses y los hombres, unidos a trav\u00e9s de su blancura especial. Eriko Horiki, artista, dise\u00f1adora y artesana, ha reinterpretado el uso del washi, dot\u00e1ndolo de un lenguaje innovador, adaptado a los espacios modernos.<\/p>\n","protected":false},"featured_media":22590,"comment_status":"closed","ping_status":"open","template":"","meta":{"_acf_changed":false,"_monsterinsights_skip_tracking":false,"_monsterinsights_sitenote_active":false,"_monsterinsights_sitenote_note":"","_monsterinsights_sitenote_category":0},"product_brand":[],"product_cat":[1537],"product_tag":[295,293,1095],"class_list":{"0":"post-24486","1":"product","2":"type-product","3":"status-publish","4":"has-post-thumbnail","6":"product_cat-arte-y-arquitectura-es","7":"product_tag-espanol","8":"product_tag-ingles","9":"product_tag-japones-es","10":"pa_idioma-multilingue-espanol-english--es","12":"first","13":"instock","14":"taxable","15":"shipping-taxable","16":"purchasable","17":"product-type-variable","18":"has-default-attributes"},"acf":[],"_links":{"self":[{"href":"https:\/\/triangle.cat\/es\/wp-json\/wp\/v2\/product\/24486","targetHints":{"allow":["GET"]}}],"collection":[{"href":"https:\/\/triangle.cat\/es\/wp-json\/wp\/v2\/product"}],"about":[{"href":"https:\/\/triangle.cat\/es\/wp-json\/wp\/v2\/types\/product"}],"replies":[{"embeddable":true,"href":"https:\/\/triangle.cat\/es\/wp-json\/wp\/v2\/comments?post=24486"}],"wp:featuredmedia":[{"embeddable":true,"href":"https:\/\/triangle.cat\/es\/wp-json\/wp\/v2\/media\/22590"}],"wp:attachment":[{"href":"https:\/\/triangle.cat\/es\/wp-json\/wp\/v2\/media?parent=24486"}],"wp:term":[{"taxonomy":"product_brand","embeddable":true,"href":"https:\/\/triangle.cat\/es\/wp-json\/wp\/v2\/product_brand?post=24486"},{"taxonomy":"product_cat","embeddable":true,"href":"https:\/\/triangle.cat\/es\/wp-json\/wp\/v2\/product_cat?post=24486"},{"taxonomy":"product_tag","embeddable":true,"href":"https:\/\/triangle.cat\/es\/wp-json\/wp\/v2\/product_tag?post=24486"}],"curies":[{"name":"wp","href":"https:\/\/api.w.org\/{rel}","templated":true}]}}