
{"id":24484,"date":"2023-02-13T11:13:36","date_gmt":"2023-02-13T12:14:33","guid":{"rendered":"https:\/\/www.triangleeditorial.com\/producto\/explora-catalunya\/"},"modified":"2024-12-03T20:55:41","modified_gmt":"2024-12-03T18:55:41","slug":"explora-catalunya","status":"publish","type":"product","link":"https:\/\/triangle.cat\/es\/producto\/explora-catalunya\/","title":{"rendered":"Explora Catalunya"},"content":{"rendered":"","protected":false},"excerpt":{"rendered":"<p>24 experiencias \u00fanicas. Esto es lo que nos ofrece este libro. 24 excelentes narraciones de Cori Calero, quien retrata los lugares y sus gentes con un estilo que parece que ya te encuentres en ellos. Cori Calero ha escogido 24 de sus numerosos reportajes por Catalu\u00f1a del programa Espai Terra de TV3 para descubrirnos historias, paisajes y patrimonio cultural del territorio [casi] desconocidos. Con los textos de Cori Calero, acompa\u00f1ados de magn\u00edficas fotograf\u00edas y un c\u00f3digo QR en cada cap\u00edtulo que enlaza directamente con el reportaje televisivo correspondiente, podr\u00e9is vivir 24 experiencias \u00fanicas y preparar, si as\u00ed lo dese\u00e1is, 24 fines de semana inolvidables.<\/p>\n","protected":false},"featured_media":16412,"comment_status":"closed","ping_status":"open","template":"","meta":{"_acf_changed":false,"_monsterinsights_skip_tracking":false,"_monsterinsights_sitenote_active":false,"_monsterinsights_sitenote_note":"","_monsterinsights_sitenote_category":0},"product_brand":[],"product_cat":[1497,1543,1503],"product_tag":[292],"class_list":{"0":"post-24484","1":"product","2":"type-product","3":"status-publish","4":"has-post-thumbnail","6":"product_cat-arte-y-arquitectura","7":"product_cat-cataluna-es","8":"product_cat-cataluna","9":"product_tag-catalan","10":"pa_idioma-catalan","12":"first","13":"instock","14":"taxable","15":"shipping-taxable","16":"purchasable","17":"product-type-variable","18":"has-default-attributes"},"acf":[],"_links":{"self":[{"href":"https:\/\/triangle.cat\/es\/wp-json\/wp\/v2\/product\/24484","targetHints":{"allow":["GET"]}}],"collection":[{"href":"https:\/\/triangle.cat\/es\/wp-json\/wp\/v2\/product"}],"about":[{"href":"https:\/\/triangle.cat\/es\/wp-json\/wp\/v2\/types\/product"}],"replies":[{"embeddable":true,"href":"https:\/\/triangle.cat\/es\/wp-json\/wp\/v2\/comments?post=24484"}],"wp:featuredmedia":[{"embeddable":true,"href":"https:\/\/triangle.cat\/es\/wp-json\/wp\/v2\/media\/16412"}],"wp:attachment":[{"href":"https:\/\/triangle.cat\/es\/wp-json\/wp\/v2\/media?parent=24484"}],"wp:term":[{"taxonomy":"product_brand","embeddable":true,"href":"https:\/\/triangle.cat\/es\/wp-json\/wp\/v2\/product_brand?post=24484"},{"taxonomy":"product_cat","embeddable":true,"href":"https:\/\/triangle.cat\/es\/wp-json\/wp\/v2\/product_cat?post=24484"},{"taxonomy":"product_tag","embeddable":true,"href":"https:\/\/triangle.cat\/es\/wp-json\/wp\/v2\/product_tag?post=24484"}],"curies":[{"name":"wp","href":"https:\/\/api.w.org\/{rel}","templated":true}]}}