
{"id":24482,"date":"2023-02-13T11:12:41","date_gmt":"2023-02-13T12:13:36","guid":{"rendered":"https:\/\/www.triangleeditorial.com\/producto\/dimonis\/"},"modified":"2023-03-08T12:13:02","modified_gmt":"2023-03-08T12:13:02","slug":"dimonis","status":"publish","type":"product","link":"https:\/\/triangle.cat\/es\/producto\/dimonis\/","title":{"rendered":"Dimonis"},"content":{"rendered":"","protected":false},"excerpt":{"rendered":"<p>El Demonio simboliza \u2014dentro de la tradici\u00f3n cristiana\u2014 todos los males y vilezas de la humanidad: todo lo negativo, perjudicial y siniestro; todo lo que nos aterra, confunde y conduce por mal camino. En la zona del Mediterr\u00e1neo, en cambio, su figura vir\u00f3 hacia caracter\u00edsticas menos sombr\u00edas y mal\u00e9ficas, torn\u00e1ndose un ser m\u00e1s bromista y juguet\u00f3n, capaz de ser enga\u00f1ado y sometido. En este preciado rinc\u00f3n del mundo, el Demonio ha adquirido un matiz m\u00e1s l\u00fadico y travieso, desempe\u00f1ando una funci\u00f3n liberadora respecto a las normas sociales y frente a la monoton\u00eda y la rigidez de nuestra cotidianidad.<\/p>\n","protected":false},"featured_media":30591,"comment_status":"closed","ping_status":"closed","template":"","meta":{"_acf_changed":false,"_monsterinsights_skip_tracking":false,"_monsterinsights_sitenote_active":false,"_monsterinsights_sitenote_note":"","_monsterinsights_sitenote_category":0},"product_brand":[],"product_cat":[1553,1570],"product_tag":[],"class_list":{"0":"post-24482","1":"product","2":"type-product","3":"status-publish","4":"has-post-thumbnail","6":"product_cat-fotografia-y-diseno","7":"product_cat-mallorca-es","8":"pa_idioma-multilingue-catala-espanol-deustch-english-es","10":"first","11":"instock","12":"taxable","13":"shipping-taxable","14":"purchasable","15":"product-type-variable","16":"has-default-attributes"},"acf":[],"_links":{"self":[{"href":"https:\/\/triangle.cat\/es\/wp-json\/wp\/v2\/product\/24482","targetHints":{"allow":["GET"]}}],"collection":[{"href":"https:\/\/triangle.cat\/es\/wp-json\/wp\/v2\/product"}],"about":[{"href":"https:\/\/triangle.cat\/es\/wp-json\/wp\/v2\/types\/product"}],"replies":[{"embeddable":true,"href":"https:\/\/triangle.cat\/es\/wp-json\/wp\/v2\/comments?post=24482"}],"wp:featuredmedia":[{"embeddable":true,"href":"https:\/\/triangle.cat\/es\/wp-json\/wp\/v2\/media\/30591"}],"wp:attachment":[{"href":"https:\/\/triangle.cat\/es\/wp-json\/wp\/v2\/media?parent=24482"}],"wp:term":[{"taxonomy":"product_brand","embeddable":true,"href":"https:\/\/triangle.cat\/es\/wp-json\/wp\/v2\/product_brand?post=24482"},{"taxonomy":"product_cat","embeddable":true,"href":"https:\/\/triangle.cat\/es\/wp-json\/wp\/v2\/product_cat?post=24482"},{"taxonomy":"product_tag","embeddable":true,"href":"https:\/\/triangle.cat\/es\/wp-json\/wp\/v2\/product_tag?post=24482"}],"curies":[{"name":"wp","href":"https:\/\/api.w.org\/{rel}","templated":true}]}}