
{"id":24474,"date":"2023-02-13T11:11:42","date_gmt":"2023-02-13T12:12:33","guid":{"rendered":"https:\/\/www.triangleeditorial.com\/producto\/dali-3\/"},"modified":"2023-06-21T11:34:12","modified_gmt":"2023-06-21T11:34:12","slug":"dali-3","status":"publish","type":"product","link":"https:\/\/triangle.cat\/es\/producto\/dali-3\/","title":{"rendered":"Dal\u00ed"},"content":{"rendered":"","protected":false},"excerpt":{"rendered":"<p>Salvador Dal\u00ed convirti\u00f3 el paisaje ampurdan\u00e9s en un s\u00edmbolo del surrealismo. La obra del pintor catal\u00e1n resulta inseparable de su geograf\u00eda natal. La mejor prueba la tenemos en los espacios del Teatre-Museu Dal\u00ed, de Figueres, la casa de Portlligat y el castillo de P\u00fabol. Tres v\u00e9rtices del tri\u00e1ngulo en el que transcurri\u00f3 buena parte de la vida cotidiana del genial artista.<\/p>\n","protected":false},"featured_media":15290,"comment_status":"closed","ping_status":"open","template":"","meta":{"_acf_changed":false,"_monsterinsights_skip_tracking":false,"_monsterinsights_sitenote_active":false,"_monsterinsights_sitenote_note":"","_monsterinsights_sitenote_category":0},"product_brand":[],"product_cat":[1537,1561,1549],"product_tag":[991,292,295,1008,293,319,1089],"class_list":{"0":"post-24474","1":"product","2":"type-product","3":"status-publish","4":"has-post-thumbnail","6":"product_cat-arte-y-arquitectura-es","7":"product_cat-girona-costa-brava-es","8":"product_cat-salvador-dali-es","9":"product_tag-aleman-es","10":"product_tag-catalan","11":"product_tag-espanol","12":"product_tag-frances-es","13":"product_tag-ingles","14":"product_tag-italiano","15":"product_tag-ruso-es","16":"pa_idioma-catalan","17":"pa_idioma-deutsch-es","18":"pa_idioma-english-es","19":"pa_idioma-espanol-es-2","20":"pa_idioma-francais-es","21":"pa_idioma-italiano-es","22":"pa_idioma--es","24":"first","25":"instock","26":"taxable","27":"shipping-taxable","28":"purchasable","29":"product-type-variable","30":"has-default-attributes"},"acf":[],"_links":{"self":[{"href":"https:\/\/triangle.cat\/es\/wp-json\/wp\/v2\/product\/24474","targetHints":{"allow":["GET"]}}],"collection":[{"href":"https:\/\/triangle.cat\/es\/wp-json\/wp\/v2\/product"}],"about":[{"href":"https:\/\/triangle.cat\/es\/wp-json\/wp\/v2\/types\/product"}],"replies":[{"embeddable":true,"href":"https:\/\/triangle.cat\/es\/wp-json\/wp\/v2\/comments?post=24474"}],"wp:featuredmedia":[{"embeddable":true,"href":"https:\/\/triangle.cat\/es\/wp-json\/wp\/v2\/media\/15290"}],"wp:attachment":[{"href":"https:\/\/triangle.cat\/es\/wp-json\/wp\/v2\/media?parent=24474"}],"wp:term":[{"taxonomy":"product_brand","embeddable":true,"href":"https:\/\/triangle.cat\/es\/wp-json\/wp\/v2\/product_brand?post=24474"},{"taxonomy":"product_cat","embeddable":true,"href":"https:\/\/triangle.cat\/es\/wp-json\/wp\/v2\/product_cat?post=24474"},{"taxonomy":"product_tag","embeddable":true,"href":"https:\/\/triangle.cat\/es\/wp-json\/wp\/v2\/product_tag?post=24474"}],"curies":[{"name":"wp","href":"https:\/\/api.w.org\/{rel}","templated":true}]}}