
{"id":24450,"date":"2023-02-13T11:08:51","date_gmt":"2023-02-13T12:09:22","guid":{"rendered":"https:\/\/www.triangleeditorial.com\/producto\/gastronomia-y-cocina-valenciana\/"},"modified":"2024-11-10T19:35:18","modified_gmt":"2024-11-10T17:35:18","slug":"gastronomia-y-cocina-valenciana","status":"publish","type":"product","link":"https:\/\/triangle.cat\/es\/producto\/gastronomia-y-cocina-valenciana\/","title":{"rendered":"Gastronom\u00eda y cocina valenciana"},"content":{"rendered":"","protected":false},"excerpt":{"rendered":"<p>No solo de los mil y un arroces vive la cocina valenciana. Crisol de culturas y civilizaciones, la gastronom\u00eda valenciana saca el mejor partido de la incre\u00edble abundancia y diversidad paisaj\u00edstica: cocina litoral y cocina de interior, cocina rural y cocina burguesa, cocina tradicional y cocina de vanguardia, que conoceremos en un viaje a trav\u00e9s de la historia de los productos, el territorio y cuarenta recetas escogidas.<\/p>\n","protected":false},"featured_media":7578,"comment_status":"closed","ping_status":"closed","template":"","meta":{"_acf_changed":false,"_monsterinsights_skip_tracking":false,"_monsterinsights_sitenote_active":false,"_monsterinsights_sitenote_note":"","_monsterinsights_sitenote_category":0},"product_brand":[],"product_cat":[1544,1576],"product_tag":[991,295,1008,293,319,1089],"class_list":{"0":"post-24450","1":"product","2":"type-product","3":"status-publish","4":"has-post-thumbnail","6":"product_cat-cocina","7":"product_cat-valencia-costa-blanca-es","8":"product_tag-aleman-es","9":"product_tag-espanol","10":"product_tag-frances-es","11":"product_tag-ingles","12":"product_tag-italiano","13":"product_tag-ruso-es","14":"pa_idioma-catalan","15":"pa_idioma-deutsch-es","16":"pa_idioma-english-es","17":"pa_idioma-espanol-es-2","18":"pa_idioma-francais-es","19":"pa_idioma-italiano-es","20":"pa_idioma--es","22":"first","23":"instock","24":"taxable","25":"shipping-taxable","26":"purchasable","27":"product-type-variable","28":"has-default-attributes"},"acf":[],"_links":{"self":[{"href":"https:\/\/triangle.cat\/es\/wp-json\/wp\/v2\/product\/24450","targetHints":{"allow":["GET"]}}],"collection":[{"href":"https:\/\/triangle.cat\/es\/wp-json\/wp\/v2\/product"}],"about":[{"href":"https:\/\/triangle.cat\/es\/wp-json\/wp\/v2\/types\/product"}],"replies":[{"embeddable":true,"href":"https:\/\/triangle.cat\/es\/wp-json\/wp\/v2\/comments?post=24450"}],"wp:featuredmedia":[{"embeddable":true,"href":"https:\/\/triangle.cat\/es\/wp-json\/wp\/v2\/media\/7578"}],"wp:attachment":[{"href":"https:\/\/triangle.cat\/es\/wp-json\/wp\/v2\/media?parent=24450"}],"wp:term":[{"taxonomy":"product_brand","embeddable":true,"href":"https:\/\/triangle.cat\/es\/wp-json\/wp\/v2\/product_brand?post=24450"},{"taxonomy":"product_cat","embeddable":true,"href":"https:\/\/triangle.cat\/es\/wp-json\/wp\/v2\/product_cat?post=24450"},{"taxonomy":"product_tag","embeddable":true,"href":"https:\/\/triangle.cat\/es\/wp-json\/wp\/v2\/product_tag?post=24450"}],"curies":[{"name":"wp","href":"https:\/\/api.w.org\/{rel}","templated":true}]}}