
{"id":24443,"date":"2023-02-13T11:07:36","date_gmt":"2023-02-13T12:08:00","guid":{"rendered":"https:\/\/www.triangleeditorial.com\/producto\/mallorca\/"},"modified":"2025-08-16T11:50:26","modified_gmt":"2025-08-16T09:50:26","slug":"mallorca","status":"publish","type":"product","link":"https:\/\/triangle.cat\/es\/producto\/mallorca\/","title":{"rendered":"Mallorca"},"content":{"rendered":"","protected":false},"excerpt":{"rendered":"<p>La cocina de Mallorca es una mezcla de tradici\u00f3n y exotismo. Entre sus platos m\u00e1s apreciados destacan el tumbet, la sopa de verdura y pan moreno, el frit mallorqu\u00ed, o la caldereta de langosta. Un libro para conocer su cultura gastron\u00f3mica y preparar los guisos m\u00e1s caracter\u00edsticos de la isla.<\/p>\n","protected":false},"featured_media":7563,"comment_status":"closed","ping_status":"closed","template":"","meta":{"_acf_changed":false,"_monsterinsights_skip_tracking":false,"_monsterinsights_sitenote_active":false,"_monsterinsights_sitenote_note":"","_monsterinsights_sitenote_category":0},"product_brand":[],"product_cat":[1544,1570],"product_tag":[991,292,295,1008,293,1089],"class_list":{"0":"post-24443","1":"product","2":"type-product","3":"status-publish","4":"has-post-thumbnail","6":"product_cat-cocina","7":"product_cat-mallorca-es","8":"product_tag-aleman-es","9":"product_tag-catalan","10":"product_tag-espanol","11":"product_tag-frances-es","12":"product_tag-ingles","13":"product_tag-ruso-es","14":"pa_idioma-catalan","15":"pa_idioma-deutsch-es","16":"pa_idioma-english-es","17":"pa_idioma-espanol-es-2","18":"pa_idioma-francais-es","19":"pa_idioma--es","21":"first","22":"instock","23":"taxable","24":"shipping-taxable","25":"purchasable","26":"product-type-variable","27":"has-default-attributes"},"acf":[],"_links":{"self":[{"href":"https:\/\/triangle.cat\/es\/wp-json\/wp\/v2\/product\/24443","targetHints":{"allow":["GET"]}}],"collection":[{"href":"https:\/\/triangle.cat\/es\/wp-json\/wp\/v2\/product"}],"about":[{"href":"https:\/\/triangle.cat\/es\/wp-json\/wp\/v2\/types\/product"}],"replies":[{"embeddable":true,"href":"https:\/\/triangle.cat\/es\/wp-json\/wp\/v2\/comments?post=24443"}],"wp:featuredmedia":[{"embeddable":true,"href":"https:\/\/triangle.cat\/es\/wp-json\/wp\/v2\/media\/7563"}],"wp:attachment":[{"href":"https:\/\/triangle.cat\/es\/wp-json\/wp\/v2\/media?parent=24443"}],"wp:term":[{"taxonomy":"product_brand","embeddable":true,"href":"https:\/\/triangle.cat\/es\/wp-json\/wp\/v2\/product_brand?post=24443"},{"taxonomy":"product_cat","embeddable":true,"href":"https:\/\/triangle.cat\/es\/wp-json\/wp\/v2\/product_cat?post=24443"},{"taxonomy":"product_tag","embeddable":true,"href":"https:\/\/triangle.cat\/es\/wp-json\/wp\/v2\/product_tag?post=24443"}],"curies":[{"name":"wp","href":"https:\/\/api.w.org\/{rel}","templated":true}]}}