
{"id":24428,"date":"2023-02-13T11:06:13","date_gmt":"2023-02-13T12:06:24","guid":{"rendered":"https:\/\/www.triangleeditorial.com\/producto\/barcelona-9\/"},"modified":"2024-11-10T19:35:17","modified_gmt":"2024-11-10T17:35:17","slug":"barcelona-9","status":"publish","type":"product","link":"https:\/\/triangle.cat\/es\/producto\/barcelona-9\/","title":{"rendered":"Barcelona"},"content":{"rendered":"","protected":false},"excerpt":{"rendered":"<p>La cocina de Barcelona es una especie de gran mosaico formado a trav\u00e9s de los siglos por influencias muy diversas. El car\u00e1cter m\u00faltiple y poli\u00e9drico de la cocina catalana resulta intr\u00ednseco a cualquier cocina regional con varios siglos de historia a sus espaldas. Pero Barcelona ha asimilado especialmente \u2013y sigue asimilando- las influencias de todas las cocinas con las que se ha relacionado a trav\u00e9s de su historia. \u00c9sa es, sin duda, una de sus se\u00f1as de identidad. En este libro hemos intentado explicar, de forma muy general y divulgativa, este car\u00e1cter abierto, m\u00faltiple y cosmopolita de la gastronom\u00eda de Barcelona a trav\u00e9s de un paseo breve y ameno por algunos productos caracter\u00edsticos, m\u00e1s de cuarenta recetas representativas y varios locales emblem\u00e1ticos.<\/p>\n","protected":false},"featured_media":7530,"comment_status":"closed","ping_status":"closed","template":"","meta":{"_acf_changed":false,"_monsterinsights_skip_tracking":false,"_monsterinsights_sitenote_active":false,"_monsterinsights_sitenote_note":"","_monsterinsights_sitenote_category":0},"product_brand":[],"product_cat":[1540,1544],"product_tag":[991,292,295,1008,293,319,1089],"class_list":{"0":"post-24428","1":"product","2":"type-product","3":"status-publish","4":"has-post-thumbnail","6":"product_cat-barcelona-es-2","7":"product_cat-cocina","8":"product_tag-aleman-es","9":"product_tag-catalan","10":"product_tag-espanol","11":"product_tag-frances-es","12":"product_tag-ingles","13":"product_tag-italiano","14":"product_tag-ruso-es","15":"pa_idioma-catalan","16":"pa_idioma-deutsch-es","17":"pa_idioma-english-es","18":"pa_idioma-espanol-es-2","19":"pa_idioma-francais-es","20":"pa_idioma-italiano-es","21":"pa_idioma--es","23":"first","24":"instock","25":"taxable","26":"shipping-taxable","27":"purchasable","28":"product-type-variable","29":"has-default-attributes"},"acf":[],"_links":{"self":[{"href":"https:\/\/triangle.cat\/es\/wp-json\/wp\/v2\/product\/24428","targetHints":{"allow":["GET"]}}],"collection":[{"href":"https:\/\/triangle.cat\/es\/wp-json\/wp\/v2\/product"}],"about":[{"href":"https:\/\/triangle.cat\/es\/wp-json\/wp\/v2\/types\/product"}],"replies":[{"embeddable":true,"href":"https:\/\/triangle.cat\/es\/wp-json\/wp\/v2\/comments?post=24428"}],"wp:featuredmedia":[{"embeddable":true,"href":"https:\/\/triangle.cat\/es\/wp-json\/wp\/v2\/media\/7530"}],"wp:attachment":[{"href":"https:\/\/triangle.cat\/es\/wp-json\/wp\/v2\/media?parent=24428"}],"wp:term":[{"taxonomy":"product_brand","embeddable":true,"href":"https:\/\/triangle.cat\/es\/wp-json\/wp\/v2\/product_brand?post=24428"},{"taxonomy":"product_cat","embeddable":true,"href":"https:\/\/triangle.cat\/es\/wp-json\/wp\/v2\/product_cat?post=24428"},{"taxonomy":"product_tag","embeddable":true,"href":"https:\/\/triangle.cat\/es\/wp-json\/wp\/v2\/product_tag?post=24428"}],"curies":[{"name":"wp","href":"https:\/\/api.w.org\/{rel}","templated":true}]}}