
{"id":24426,"date":"2023-02-13T11:06:01","date_gmt":"2023-02-13T12:06:11","guid":{"rendered":"https:\/\/www.triangleeditorial.com\/producto\/comillas\/"},"modified":"2023-07-28T09:09:19","modified_gmt":"2023-07-28T09:09:19","slug":"comillas","status":"publish","type":"product","link":"https:\/\/triangle.cat\/es\/producto\/comillas\/","title":{"rendered":"Comillas"},"content":{"rendered":"","protected":false},"excerpt":{"rendered":"<p>A finales del siglo XIX, los arquitectos, artistas y artesanos m\u00e1s importantes del modernismo catal\u00e1n, Antoni Gaud\u00ed y Llu\u00eds Dom\u00e8nech i Montaner entre ellos, cambiaron para siempre la faz de la Villa de Comillas, en Cantabria. Su trabajo fructific\u00f3 en obras monumentales como el edificio El Capricho, el Seminario Pontificio, el Palacio de Sobrellano, la Capilla-Pante\u00f3n de los Marqueses de Comillas o el cementerio.<\/p>\n","protected":false},"featured_media":22532,"comment_status":"closed","ping_status":"open","template":"","meta":{"_acf_changed":false,"_monsterinsights_skip_tracking":false,"_monsterinsights_sitenote_active":false,"_monsterinsights_sitenote_note":"","_monsterinsights_sitenote_category":0},"product_brand":[],"product_cat":[1537],"product_tag":[295],"class_list":{"0":"post-24426","1":"product","2":"type-product","3":"status-publish","4":"has-post-thumbnail","6":"product_cat-arte-y-arquitectura-es","7":"product_tag-espanol","8":"pa_idioma-espanol-es-2","10":"first","11":"instock","12":"taxable","13":"shipping-taxable","14":"purchasable","15":"product-type-variable","16":"has-default-attributes"},"acf":[],"_links":{"self":[{"href":"https:\/\/triangle.cat\/es\/wp-json\/wp\/v2\/product\/24426","targetHints":{"allow":["GET"]}}],"collection":[{"href":"https:\/\/triangle.cat\/es\/wp-json\/wp\/v2\/product"}],"about":[{"href":"https:\/\/triangle.cat\/es\/wp-json\/wp\/v2\/types\/product"}],"replies":[{"embeddable":true,"href":"https:\/\/triangle.cat\/es\/wp-json\/wp\/v2\/comments?post=24426"}],"wp:featuredmedia":[{"embeddable":true,"href":"https:\/\/triangle.cat\/es\/wp-json\/wp\/v2\/media\/22532"}],"wp:attachment":[{"href":"https:\/\/triangle.cat\/es\/wp-json\/wp\/v2\/media?parent=24426"}],"wp:term":[{"taxonomy":"product_brand","embeddable":true,"href":"https:\/\/triangle.cat\/es\/wp-json\/wp\/v2\/product_brand?post=24426"},{"taxonomy":"product_cat","embeddable":true,"href":"https:\/\/triangle.cat\/es\/wp-json\/wp\/v2\/product_cat?post=24426"},{"taxonomy":"product_tag","embeddable":true,"href":"https:\/\/triangle.cat\/es\/wp-json\/wp\/v2\/product_tag?post=24426"}],"curies":[{"name":"wp","href":"https:\/\/api.w.org\/{rel}","templated":true}]}}