
{"id":24424,"date":"2023-02-13T11:05:36","date_gmt":"2023-02-13T12:05:45","guid":{"rendered":"https:\/\/www.triangleeditorial.com\/producto\/la-colonia-guell\/"},"modified":"2023-02-13T12:06:13","modified_gmt":"2023-02-13T12:06:13","slug":"la-colonia-guell","status":"publish","type":"product","link":"https:\/\/triangle.cat\/es\/producto\/la-colonia-guell\/","title":{"rendered":"La Col\u00f2nia G\u00fcell"},"content":{"rendered":"","protected":false},"excerpt":{"rendered":"<p>Eusebi G\u00fcell promovi\u00f3 a finales del s. XIX la construcci\u00f3n de una colonia obrera en Santa Coloma de Cervell\u00f3 (cerca de Barcelona). La f\u00e1brica, las viviendas de los trabajadores y en especial la iglesia inacabada dise\u00f1ada por Gaud\u00ed entroncan con una \u00e9poca esplendorosa del pasado industrial catal\u00e1n. La cripta de la iglesia es uno de los trabajos m\u00e1s apreciados por los especialistas gaudinianos.<\/p>\n","protected":false},"featured_media":5357,"comment_status":"closed","ping_status":"open","template":"","meta":{"_acf_changed":false,"_monsterinsights_skip_tracking":false,"_monsterinsights_sitenote_active":false,"_monsterinsights_sitenote_note":"","_monsterinsights_sitenote_category":0},"product_brand":[],"product_cat":[1558],"product_tag":[292,295,1008,293],"class_list":{"0":"post-24424","1":"product","2":"type-product","3":"status-publish","4":"has-post-thumbnail","6":"product_cat-antoni-gaudi-es","7":"product_tag-catalan","8":"product_tag-espanol","9":"product_tag-frances-es","10":"product_tag-ingles","11":"pa_idioma-multilingue-catala-espanol-francais-english-es","13":"first","14":"instock","15":"taxable","16":"shipping-taxable","17":"purchasable","18":"product-type-variable","19":"has-default-attributes"},"acf":[],"_links":{"self":[{"href":"https:\/\/triangle.cat\/es\/wp-json\/wp\/v2\/product\/24424","targetHints":{"allow":["GET"]}}],"collection":[{"href":"https:\/\/triangle.cat\/es\/wp-json\/wp\/v2\/product"}],"about":[{"href":"https:\/\/triangle.cat\/es\/wp-json\/wp\/v2\/types\/product"}],"replies":[{"embeddable":true,"href":"https:\/\/triangle.cat\/es\/wp-json\/wp\/v2\/comments?post=24424"}],"wp:featuredmedia":[{"embeddable":true,"href":"https:\/\/triangle.cat\/es\/wp-json\/wp\/v2\/media\/5357"}],"wp:attachment":[{"href":"https:\/\/triangle.cat\/es\/wp-json\/wp\/v2\/media?parent=24424"}],"wp:term":[{"taxonomy":"product_brand","embeddable":true,"href":"https:\/\/triangle.cat\/es\/wp-json\/wp\/v2\/product_brand?post=24424"},{"taxonomy":"product_cat","embeddable":true,"href":"https:\/\/triangle.cat\/es\/wp-json\/wp\/v2\/product_cat?post=24424"},{"taxonomy":"product_tag","embeddable":true,"href":"https:\/\/triangle.cat\/es\/wp-json\/wp\/v2\/product_tag?post=24424"}],"curies":[{"name":"wp","href":"https:\/\/api.w.org\/{rel}","templated":true}]}}