
{"id":24420,"date":"2023-02-13T11:05:00","date_gmt":"2023-02-13T12:05:04","guid":{"rendered":"https:\/\/www.triangleeditorial.com\/producto\/caras-de-mallorca\/"},"modified":"2023-03-08T12:48:01","modified_gmt":"2023-03-08T12:48:01","slug":"caras-de-mallorca","status":"publish","type":"product","link":"https:\/\/triangle.cat\/es\/producto\/caras-de-mallorca\/","title":{"rendered":"Caras de Mallorca"},"content":{"rendered":"","protected":false},"excerpt":{"rendered":"<p>Caras de Mallorca es un precioso libro de retratos fotogr\u00e1ficos que muestra la verdadera Mallorca a trav\u00e9s de los ojos de los lugare\u00f1os y la narraci\u00f3n de sus fascinantes historias.Avalado por algunos de los principales profesionales del sector viajero, tanto a nivel internacional como con sede en Mallorca, capta la esencia de esta hermosa isla, mostr\u00e1ndonos las caras ocultas que los turistas y visitantes no suelen ver.Caras de Mallorca nos presenta a 59 habitantes de la isla y capta con autenticidad las esperanzas, los sue\u00f1os y las aspiraciones de cada uno. Nos muestra la diversidad cultural y el rico patrimonio del pasado y nos ense\u00f1a c\u00f3mo sus gentes se adaptan a un nuevo y brillante futuro.Si te gusta la fotograf\u00eda, las historias conmovedoras o simplemente te gusta Mallorca, Caras de Mallorca te transporta a la vida de la gente de este c\u00e1lido lugar.<\/p>\n","protected":false},"featured_media":30636,"comment_status":"closed","ping_status":"closed","template":"","meta":{"_acf_changed":false,"_monsterinsights_skip_tracking":false,"_monsterinsights_sitenote_active":false,"_monsterinsights_sitenote_note":"","_monsterinsights_sitenote_category":0},"product_brand":[],"product_cat":[1553,1570],"product_tag":[],"class_list":{"0":"post-24420","1":"product","2":"type-product","3":"status-publish","4":"has-post-thumbnail","6":"product_cat-fotografia-y-diseno","7":"product_cat-mallorca-es","8":"pa_idioma-catalan","9":"pa_idioma-deutsch-es","10":"pa_idioma-english-es","11":"pa_idioma-espanol-es-2","13":"first","14":"instock","15":"taxable","16":"shipping-taxable","17":"purchasable","18":"product-type-variable","19":"has-default-attributes"},"acf":[],"_links":{"self":[{"href":"https:\/\/triangle.cat\/es\/wp-json\/wp\/v2\/product\/24420","targetHints":{"allow":["GET"]}}],"collection":[{"href":"https:\/\/triangle.cat\/es\/wp-json\/wp\/v2\/product"}],"about":[{"href":"https:\/\/triangle.cat\/es\/wp-json\/wp\/v2\/types\/product"}],"replies":[{"embeddable":true,"href":"https:\/\/triangle.cat\/es\/wp-json\/wp\/v2\/comments?post=24420"}],"wp:featuredmedia":[{"embeddable":true,"href":"https:\/\/triangle.cat\/es\/wp-json\/wp\/v2\/media\/30636"}],"wp:attachment":[{"href":"https:\/\/triangle.cat\/es\/wp-json\/wp\/v2\/media?parent=24420"}],"wp:term":[{"taxonomy":"product_brand","embeddable":true,"href":"https:\/\/triangle.cat\/es\/wp-json\/wp\/v2\/product_brand?post=24420"},{"taxonomy":"product_cat","embeddable":true,"href":"https:\/\/triangle.cat\/es\/wp-json\/wp\/v2\/product_cat?post=24420"},{"taxonomy":"product_tag","embeddable":true,"href":"https:\/\/triangle.cat\/es\/wp-json\/wp\/v2\/product_tag?post=24420"}],"curies":[{"name":"wp","href":"https:\/\/api.w.org\/{rel}","templated":true}]}}