
{"id":24417,"date":"2023-02-13T11:04:06","date_gmt":"2023-02-13T12:04:05","guid":{"rendered":"https:\/\/www.triangleeditorial.com\/producto\/chapeau\/"},"modified":"2023-03-08T13:01:36","modified_gmt":"2023-03-08T13:01:36","slug":"chapeau","status":"publish","type":"product","link":"https:\/\/triangle.cat\/es\/producto\/chapeau\/","title":{"rendered":"Chapeau\u200a!"},"content":{"rendered":"","protected":false},"excerpt":{"rendered":"<p>Los sombreros, adem\u00e1s de ser objetos funcionales, tienen un gran valor est\u00e9tico y simb\u00f3lico. Este libro es el primero editado en Espa\u00f1a que ahonda en el tema. Muestra la presencia de los sombreros en el arte del siglo xx, centr\u00e1ndose en Picasso y el \u00e1mbito catal\u00e1n, a partir de la colecci\u00f3n de la Fundaci\u00f3 Palau junto con obra del Museo Picasso de Barcelona, la Colecci\u00f3n Banc Sabadell y diversas galer\u00edas y colecciones particulares y presenta, por primera vez, un conjunto de 250 sombreros de mujer y de hombre, a lo largo del siglo xx y hasta la actualidad, de la Col\u00b7lecci\u00f3 Antoni de Montpalau.<\/p>\n","protected":false},"featured_media":30654,"comment_status":"closed","ping_status":"closed","template":"","meta":{"_acf_changed":false,"_monsterinsights_skip_tracking":false,"_monsterinsights_sitenote_active":false,"_monsterinsights_sitenote_note":"","_monsterinsights_sitenote_category":0},"product_brand":[],"product_cat":[1537],"product_tag":[],"class_list":{"0":"post-24417","1":"product","2":"type-product","3":"status-publish","4":"has-post-thumbnail","6":"product_cat-arte-y-arquitectura-es","7":"pa_idioma-catala-english-es","8":"pa_idioma-espanol-english-es","10":"first","11":"instock","12":"taxable","13":"shipping-taxable","14":"purchasable","15":"product-type-variable","16":"has-default-attributes"},"acf":[],"_links":{"self":[{"href":"https:\/\/triangle.cat\/es\/wp-json\/wp\/v2\/product\/24417","targetHints":{"allow":["GET"]}}],"collection":[{"href":"https:\/\/triangle.cat\/es\/wp-json\/wp\/v2\/product"}],"about":[{"href":"https:\/\/triangle.cat\/es\/wp-json\/wp\/v2\/types\/product"}],"replies":[{"embeddable":true,"href":"https:\/\/triangle.cat\/es\/wp-json\/wp\/v2\/comments?post=24417"}],"wp:featuredmedia":[{"embeddable":true,"href":"https:\/\/triangle.cat\/es\/wp-json\/wp\/v2\/media\/30654"}],"wp:attachment":[{"href":"https:\/\/triangle.cat\/es\/wp-json\/wp\/v2\/media?parent=24417"}],"wp:term":[{"taxonomy":"product_brand","embeddable":true,"href":"https:\/\/triangle.cat\/es\/wp-json\/wp\/v2\/product_brand?post=24417"},{"taxonomy":"product_cat","embeddable":true,"href":"https:\/\/triangle.cat\/es\/wp-json\/wp\/v2\/product_cat?post=24417"},{"taxonomy":"product_tag","embeddable":true,"href":"https:\/\/triangle.cat\/es\/wp-json\/wp\/v2\/product_tag?post=24417"}],"curies":[{"name":"wp","href":"https:\/\/api.w.org\/{rel}","templated":true}]}}