
{"id":24415,"date":"2023-02-13T11:03:54","date_gmt":"2023-02-13T12:03:50","guid":{"rendered":"https:\/\/www.triangleeditorial.com\/producto\/costa-brava-3\/"},"modified":"2023-02-13T12:04:07","modified_gmt":"2023-02-13T12:04:07","slug":"costa-brava-3","status":"publish","type":"product","link":"https:\/\/triangle.cat\/es\/producto\/costa-brava-3\/","title":{"rendered":"Costa Brava"},"content":{"rendered":"","protected":false},"excerpt":{"rendered":"<p>Este libro es un paseo fotogr\u00e1fico a la orilla del mar y por rincones in\u00e9ditos de la Costa Brava, que nos propone Jordi Puig. Sus im\u00e1genes son el fruto de veinte a\u00f1os de caminatas mirando y fotografiando la belleza del paisaje, del agua y de la roca, en esta franja d\u00factil, entre el verde y el azul.En el pr\u00f3logo del libro, el escritor Narc\u00eds Comadira nos advierte:  \u201c[\u2026] la Costa Brava todav\u00eda existe y todav\u00eda podemos pensar en ella como para\u00edso y como referente, est\u00e1 viva en su paisaje m\u00e1s genuino, el que toca al mar [\u2026] Jordi Puig ha levantado acta de ello. Estas espl\u00e9ndidas fotograf\u00edas son la prueba de que el paisaje de la Costa Brava, de aquella Costa Brava que tanto am\u00e1bamos, a\u00fan est\u00e1 vivo. \u00c9ste es un libro que nos devuelve a unos espacios de felicidad que cre\u00edamos perdidos para siempre\u201d.<\/p>\n","protected":false},"featured_media":16699,"comment_status":"closed","ping_status":"open","template":"","meta":{"_acf_changed":false,"_monsterinsights_skip_tracking":false,"_monsterinsights_sitenote_active":false,"_monsterinsights_sitenote_note":"","_monsterinsights_sitenote_category":0},"product_brand":[],"product_cat":[1553,1561],"product_tag":[991,292,295,1008,293,1089],"class_list":{"0":"post-24415","1":"product","2":"type-product","3":"status-publish","4":"has-post-thumbnail","6":"product_cat-fotografia-y-diseno","7":"product_cat-girona-costa-brava-es","8":"product_tag-aleman-es","9":"product_tag-catalan","10":"product_tag-espanol","11":"product_tag-frances-es","12":"product_tag-ingles","13":"product_tag-ruso-es","14":"pa_idioma-multilingue-catala-espanol-english-francais-deutsch--es","16":"first","17":"instock","18":"taxable","19":"shipping-taxable","20":"purchasable","21":"product-type-variable","22":"has-default-attributes"},"acf":[],"_links":{"self":[{"href":"https:\/\/triangle.cat\/es\/wp-json\/wp\/v2\/product\/24415","targetHints":{"allow":["GET"]}}],"collection":[{"href":"https:\/\/triangle.cat\/es\/wp-json\/wp\/v2\/product"}],"about":[{"href":"https:\/\/triangle.cat\/es\/wp-json\/wp\/v2\/types\/product"}],"replies":[{"embeddable":true,"href":"https:\/\/triangle.cat\/es\/wp-json\/wp\/v2\/comments?post=24415"}],"wp:featuredmedia":[{"embeddable":true,"href":"https:\/\/triangle.cat\/es\/wp-json\/wp\/v2\/media\/16699"}],"wp:attachment":[{"href":"https:\/\/triangle.cat\/es\/wp-json\/wp\/v2\/media?parent=24415"}],"wp:term":[{"taxonomy":"product_brand","embeddable":true,"href":"https:\/\/triangle.cat\/es\/wp-json\/wp\/v2\/product_brand?post=24415"},{"taxonomy":"product_cat","embeddable":true,"href":"https:\/\/triangle.cat\/es\/wp-json\/wp\/v2\/product_cat?post=24415"},{"taxonomy":"product_tag","embeddable":true,"href":"https:\/\/triangle.cat\/es\/wp-json\/wp\/v2\/product_tag?post=24415"}],"curies":[{"name":"wp","href":"https:\/\/api.w.org\/{rel}","templated":true}]}}