
{"id":24408,"date":"2023-02-13T11:03:17","date_gmt":"2023-02-13T12:03:05","guid":{"rendered":"https:\/\/www.triangleeditorial.com\/producto\/costa-brava-2\/"},"modified":"2026-04-14T08:23:34","modified_gmt":"2026-04-14T06:23:34","slug":"costa-brava-2","status":"publish","type":"product","link":"https:\/\/triangle.cat\/es\/producto\/costa-brava-2\/","title":{"rendered":"Costa Brava"},"content":{"rendered":"","protected":false},"excerpt":{"rendered":"<p>La Costa Brava es una zona que todav\u00eda ofrece aut\u00e9nticas sorpresas al visitante y que conserva todas las esencias del paisaje mediterr\u00e1neo: calas ocultas de aguas transparentes, rocas esculpidas por la acci\u00f3n de la naturaleza que configuran un paisaje fascinante y largas playas de arena suave. El libro La Costa Brava tambi\u00e9n nos acerca al Empord\u00e0 interior, el Tri\u00e1ngulo Daliniano y a la ciudad de Girona.Disfrutad de La Costa Brava con formato nuevo, dise\u00f1o mejorado y fotograf\u00edas actualizadas.<\/p>\n","protected":false},"featured_media":15267,"comment_status":"closed","ping_status":"open","template":"","meta":{"_acf_changed":false,"_monsterinsights_skip_tracking":false,"_monsterinsights_sitenote_active":false,"_monsterinsights_sitenote_note":"","_monsterinsights_sitenote_category":0},"product_brand":[],"product_cat":[1543,1561],"product_tag":[991,292,295,1008,293,1089],"class_list":{"0":"post-24408","1":"product","2":"type-product","3":"status-publish","4":"has-post-thumbnail","6":"product_cat-cataluna-es","7":"product_cat-girona-costa-brava-es","8":"product_tag-aleman-es","9":"product_tag-catalan","10":"product_tag-espanol","11":"product_tag-frances-es","12":"product_tag-ingles","13":"product_tag-ruso-es","14":"pa_idioma-catalan","15":"pa_idioma-deutsch-es","16":"pa_idioma-english-es","17":"pa_idioma-espanol-es-2","18":"pa_idioma-francais-es","19":"pa_idioma--es","21":"first","22":"instock","23":"taxable","24":"shipping-taxable","25":"purchasable","26":"product-type-variable","27":"has-default-attributes"},"acf":[],"_links":{"self":[{"href":"https:\/\/triangle.cat\/es\/wp-json\/wp\/v2\/product\/24408","targetHints":{"allow":["GET"]}}],"collection":[{"href":"https:\/\/triangle.cat\/es\/wp-json\/wp\/v2\/product"}],"about":[{"href":"https:\/\/triangle.cat\/es\/wp-json\/wp\/v2\/types\/product"}],"replies":[{"embeddable":true,"href":"https:\/\/triangle.cat\/es\/wp-json\/wp\/v2\/comments?post=24408"}],"wp:featuredmedia":[{"embeddable":true,"href":"https:\/\/triangle.cat\/es\/wp-json\/wp\/v2\/media\/15267"}],"wp:attachment":[{"href":"https:\/\/triangle.cat\/es\/wp-json\/wp\/v2\/media?parent=24408"}],"wp:term":[{"taxonomy":"product_brand","embeddable":true,"href":"https:\/\/triangle.cat\/es\/wp-json\/wp\/v2\/product_brand?post=24408"},{"taxonomy":"product_cat","embeddable":true,"href":"https:\/\/triangle.cat\/es\/wp-json\/wp\/v2\/product_cat?post=24408"},{"taxonomy":"product_tag","embeddable":true,"href":"https:\/\/triangle.cat\/es\/wp-json\/wp\/v2\/product_tag?post=24408"}],"curies":[{"name":"wp","href":"https:\/\/api.w.org\/{rel}","templated":true}]}}