
{"id":24402,"date":"2023-02-13T11:02:44","date_gmt":"2023-02-13T12:02:28","guid":{"rendered":"https:\/\/www.triangleeditorial.com\/producto\/costa-brava\/"},"modified":"2023-02-13T12:03:07","modified_gmt":"2023-02-13T12:03:07","slug":"costa-brava","status":"publish","type":"product","link":"https:\/\/triangle.cat\/es\/producto\/costa-brava\/","title":{"rendered":"Costa Brava"},"content":{"rendered":"","protected":false},"excerpt":{"rendered":"<p>Con la mirada de Jordi Puig y las palabras de Vador Minobis, recorreremos toda la Costa Brava, desde Porbou hasta Blanes, deteni\u00e9ndonos en las 100 mejores calas y playas, todas llenas de encanto y belleza. En el trayecto, nos acompa\u00f1ar\u00e1n el escritor Sebasti\u00e0 Roig \u2014para explicarnos como lleg\u00f3 el glamur de Hollywood a estas costas de la mano de Ava Gardner, Orson Welles o Kirk Douglas, entre otras muchas estrellas\u2014 y la ilustradora Ana Yael, quien llena de vida, arte y humor sus mapas del litoral m\u00e1s fascinante del Mediterr\u00e1neo.\u00a1Buen viaje!<\/p>\n","protected":false},"featured_media":15249,"comment_status":"closed","ping_status":"open","template":"","meta":{"_acf_changed":false,"_monsterinsights_skip_tracking":false,"_monsterinsights_sitenote_active":false,"_monsterinsights_sitenote_note":"","_monsterinsights_sitenote_category":0},"product_brand":[],"product_cat":[1543,1561],"product_tag":[991,292,295,1008,293],"class_list":{"0":"post-24402","1":"product","2":"type-product","3":"status-publish","4":"has-post-thumbnail","6":"product_cat-cataluna-es","7":"product_cat-girona-costa-brava-es","8":"product_tag-aleman-es","9":"product_tag-catalan","10":"product_tag-espanol","11":"product_tag-frances-es","12":"product_tag-ingles","13":"pa_idioma-catalan","14":"pa_idioma-deutsch-es","15":"pa_idioma-english-es","16":"pa_idioma-espanol-es-2","17":"pa_idioma-francais-es","19":"first","20":"instock","21":"taxable","22":"shipping-taxable","23":"purchasable","24":"product-type-variable","25":"has-default-attributes"},"acf":[],"_links":{"self":[{"href":"https:\/\/triangle.cat\/es\/wp-json\/wp\/v2\/product\/24402","targetHints":{"allow":["GET"]}}],"collection":[{"href":"https:\/\/triangle.cat\/es\/wp-json\/wp\/v2\/product"}],"about":[{"href":"https:\/\/triangle.cat\/es\/wp-json\/wp\/v2\/types\/product"}],"replies":[{"embeddable":true,"href":"https:\/\/triangle.cat\/es\/wp-json\/wp\/v2\/comments?post=24402"}],"wp:featuredmedia":[{"embeddable":true,"href":"https:\/\/triangle.cat\/es\/wp-json\/wp\/v2\/media\/15249"}],"wp:attachment":[{"href":"https:\/\/triangle.cat\/es\/wp-json\/wp\/v2\/media?parent=24402"}],"wp:term":[{"taxonomy":"product_brand","embeddable":true,"href":"https:\/\/triangle.cat\/es\/wp-json\/wp\/v2\/product_brand?post=24402"},{"taxonomy":"product_cat","embeddable":true,"href":"https:\/\/triangle.cat\/es\/wp-json\/wp\/v2\/product_cat?post=24402"},{"taxonomy":"product_tag","embeddable":true,"href":"https:\/\/triangle.cat\/es\/wp-json\/wp\/v2\/product_tag?post=24402"}],"curies":[{"name":"wp","href":"https:\/\/api.w.org\/{rel}","templated":true}]}}