
{"id":24395,"date":"2023-02-13T11:02:05","date_gmt":"2023-02-13T12:01:44","guid":{"rendered":"https:\/\/www.triangleeditorial.com\/producto\/castells-torres-humanas\/"},"modified":"2023-02-13T12:02:30","modified_gmt":"2023-02-13T12:02:30","slug":"castells-torres-humanas","status":"publish","type":"product","link":"https:\/\/triangle.cat\/es\/producto\/castells-torres-humanas\/","title":{"rendered":"Castells. Torres humanas"},"content":{"rendered":"","protected":false},"excerpt":{"rendered":"<p>Patrimonio Cultural Inmaterial de la Humanidad por la UNESCO desde 2010, los castells son las torres humanas que se construyen en Catalu\u00f1a con la participaci\u00f3n de hombres y mujeres, ni\u00f1os y ni\u00f1as y que pueden alcanzar hasta diez pisos de altura. Castells. Tocando el cielo con la mano nos ofrece de manera amena y rigurosa las claves para conocer y disfrutar de estas ef\u00edmeras y fant\u00e1sticas construcciones que, adem\u00e1s de una expresi\u00f3n de la identidad cultural catalana, son al tiempo met\u00e1fora y realidad del trabajo solidario y del sentido de continuidad de la comunidad.<\/p>\n","protected":false},"featured_media":7515,"comment_status":"closed","ping_status":"open","template":"","meta":{"_acf_changed":false,"_monsterinsights_skip_tracking":false,"_monsterinsights_sitenote_active":false,"_monsterinsights_sitenote_note":"","_monsterinsights_sitenote_category":0},"product_brand":[],"product_cat":[1543],"product_tag":[991,292,295,1008,293,319],"class_list":{"0":"post-24395","1":"product","2":"type-product","3":"status-publish","4":"has-post-thumbnail","6":"product_cat-cataluna-es","7":"product_tag-aleman-es","8":"product_tag-catalan","9":"product_tag-espanol","10":"product_tag-frances-es","11":"product_tag-ingles","12":"product_tag-italiano","13":"pa_idioma-catalan","14":"pa_idioma-deutsch-es","15":"pa_idioma-english-es","16":"pa_idioma-espanol-es-2","17":"pa_idioma-francais-es","18":"pa_idioma-italiano-es","20":"first","21":"instock","22":"taxable","23":"shipping-taxable","24":"purchasable","25":"product-type-variable","26":"has-default-attributes"},"acf":[],"_links":{"self":[{"href":"https:\/\/triangle.cat\/es\/wp-json\/wp\/v2\/product\/24395","targetHints":{"allow":["GET"]}}],"collection":[{"href":"https:\/\/triangle.cat\/es\/wp-json\/wp\/v2\/product"}],"about":[{"href":"https:\/\/triangle.cat\/es\/wp-json\/wp\/v2\/types\/product"}],"replies":[{"embeddable":true,"href":"https:\/\/triangle.cat\/es\/wp-json\/wp\/v2\/comments?post=24395"}],"wp:featuredmedia":[{"embeddable":true,"href":"https:\/\/triangle.cat\/es\/wp-json\/wp\/v2\/media\/7515"}],"wp:attachment":[{"href":"https:\/\/triangle.cat\/es\/wp-json\/wp\/v2\/media?parent=24395"}],"wp:term":[{"taxonomy":"product_brand","embeddable":true,"href":"https:\/\/triangle.cat\/es\/wp-json\/wp\/v2\/product_brand?post=24395"},{"taxonomy":"product_cat","embeddable":true,"href":"https:\/\/triangle.cat\/es\/wp-json\/wp\/v2\/product_cat?post=24395"},{"taxonomy":"product_tag","embeddable":true,"href":"https:\/\/triangle.cat\/es\/wp-json\/wp\/v2\/product_tag?post=24395"}],"curies":[{"name":"wp","href":"https:\/\/api.w.org\/{rel}","templated":true}]}}