
{"id":24393,"date":"2023-02-13T11:01:54","date_gmt":"2023-02-13T12:01:30","guid":{"rendered":"https:\/\/www.triangleeditorial.com\/producto\/cadaques\/"},"modified":"2023-02-13T12:01:45","modified_gmt":"2023-02-13T12:01:45","slug":"cadaques","status":"publish","type":"product","link":"https:\/\/triangle.cat\/es\/producto\/cadaques\/","title":{"rendered":"Cadaqu\u00e8s"},"content":{"rendered":"","protected":false},"excerpt":{"rendered":"<p>Cadaqu\u00e9s, en el siglo XX, fue descubierto por escritores y pintores durante los a\u00f1os 20 y redescubierto por la bohemia viajera de los 60. Este pueblo de pescadores, rodeado de un paisaje geol\u00f3gico irrepetible, se convirti\u00f3 en una peque\u00f1a rep\u00fablica de las artes. No es extra\u00f1o que creadores como Duchamp, Dal\u00ed o Richard Hamilton lo convirtieran en su refugio habitual, c\u00e1lido y discreto. Cadaqu\u00e9s \u2014con la calidad de su luz, el relieve geol\u00f3gico del Cabo de Creus, la intensidad de los azules, el embate de la tramontana, el car\u00e1cter de sus habitantes y la huella de Salvador Dal\u00ed\u2014 no deja a nadie indiferente.\u00a1Disfrutadlo con el nuevo formato del libro: mayor y con im\u00e1genes renovadas!<\/p>\n","protected":false},"featured_media":16359,"comment_status":"closed","ping_status":"closed","template":"","meta":{"_acf_changed":false,"_monsterinsights_skip_tracking":false,"_monsterinsights_sitenote_active":false,"_monsterinsights_sitenote_note":"","_monsterinsights_sitenote_category":0},"product_brand":[],"product_cat":[1543,1561],"product_tag":[292,295,1008,293],"class_list":{"0":"post-24393","1":"product","2":"type-product","3":"status-publish","4":"has-post-thumbnail","6":"product_cat-cataluna-es","7":"product_cat-girona-costa-brava-es","8":"product_tag-catalan","9":"product_tag-espanol","10":"product_tag-frances-es","11":"product_tag-ingles","12":"pa_idioma-multilingue-catala-espanol-english-francais-es","14":"first","15":"instock","16":"taxable","17":"shipping-taxable","18":"purchasable","19":"product-type-variable","20":"has-default-attributes"},"acf":[],"_links":{"self":[{"href":"https:\/\/triangle.cat\/es\/wp-json\/wp\/v2\/product\/24393","targetHints":{"allow":["GET"]}}],"collection":[{"href":"https:\/\/triangle.cat\/es\/wp-json\/wp\/v2\/product"}],"about":[{"href":"https:\/\/triangle.cat\/es\/wp-json\/wp\/v2\/types\/product"}],"replies":[{"embeddable":true,"href":"https:\/\/triangle.cat\/es\/wp-json\/wp\/v2\/comments?post=24393"}],"wp:featuredmedia":[{"embeddable":true,"href":"https:\/\/triangle.cat\/es\/wp-json\/wp\/v2\/media\/16359"}],"wp:attachment":[{"href":"https:\/\/triangle.cat\/es\/wp-json\/wp\/v2\/media?parent=24393"}],"wp:term":[{"taxonomy":"product_brand","embeddable":true,"href":"https:\/\/triangle.cat\/es\/wp-json\/wp\/v2\/product_brand?post=24393"},{"taxonomy":"product_cat","embeddable":true,"href":"https:\/\/triangle.cat\/es\/wp-json\/wp\/v2\/product_cat?post=24393"},{"taxonomy":"product_tag","embeddable":true,"href":"https:\/\/triangle.cat\/es\/wp-json\/wp\/v2\/product_tag?post=24393"}],"curies":[{"name":"wp","href":"https:\/\/api.w.org\/{rel}","templated":true}]}}