
{"id":24391,"date":"2023-02-13T10:59:05","date_gmt":"2023-02-13T11:58:36","guid":{"rendered":"https:\/\/www.triangleeditorial.com\/producto\/barcelona-vertical\/"},"modified":"2023-07-28T09:09:19","modified_gmt":"2023-07-28T09:09:19","slug":"barcelona-vertical","status":"publish","type":"product","link":"https:\/\/triangle.cat\/es\/producto\/barcelona-vertical\/","title":{"rendered":"Barcelona Vertical"},"content":{"rendered":"","protected":false},"excerpt":{"rendered":"<p>Una visi\u00f3n sorprendente de los iconos de la ciudad desde una perspectiva inusual: la fotograf\u00eda panor\u00e1mica vertical. Un libro-objeto original y de formato \u00fanico para los amantes del dise\u00f1o, la fotograf\u00eda y la arquitectura, con un concepto que mezcla encuadres in\u00e9ditos con el cl\u00e1sico Blanco y Negro; un reflejo de la tradici\u00f3n y modernidad de Barcelona.<\/p>\n","protected":false},"featured_media":22450,"comment_status":"closed","ping_status":"open","template":"","meta":{"_acf_changed":false,"_monsterinsights_skip_tracking":false,"_monsterinsights_sitenote_active":false,"_monsterinsights_sitenote_note":"","_monsterinsights_sitenote_category":0},"product_brand":[],"product_cat":[1540,1553],"product_tag":[292,295,1008,293],"class_list":{"0":"post-24391","1":"product","2":"type-product","3":"status-publish","4":"has-post-thumbnail","6":"product_cat-barcelona-es-2","7":"product_cat-fotografia-y-diseno","8":"product_tag-catalan","9":"product_tag-espanol","10":"product_tag-frances-es","11":"product_tag-ingles","12":"pa_idioma-multilingue-catala-espanol-english-francais-es","14":"first","15":"instock","16":"taxable","17":"shipping-taxable","18":"purchasable","19":"product-type-variable","20":"has-default-attributes"},"acf":[],"_links":{"self":[{"href":"https:\/\/triangle.cat\/es\/wp-json\/wp\/v2\/product\/24391","targetHints":{"allow":["GET"]}}],"collection":[{"href":"https:\/\/triangle.cat\/es\/wp-json\/wp\/v2\/product"}],"about":[{"href":"https:\/\/triangle.cat\/es\/wp-json\/wp\/v2\/types\/product"}],"replies":[{"embeddable":true,"href":"https:\/\/triangle.cat\/es\/wp-json\/wp\/v2\/comments?post=24391"}],"wp:featuredmedia":[{"embeddable":true,"href":"https:\/\/triangle.cat\/es\/wp-json\/wp\/v2\/media\/22450"}],"wp:attachment":[{"href":"https:\/\/triangle.cat\/es\/wp-json\/wp\/v2\/media?parent=24391"}],"wp:term":[{"taxonomy":"product_brand","embeddable":true,"href":"https:\/\/triangle.cat\/es\/wp-json\/wp\/v2\/product_brand?post=24391"},{"taxonomy":"product_cat","embeddable":true,"href":"https:\/\/triangle.cat\/es\/wp-json\/wp\/v2\/product_cat?post=24391"},{"taxonomy":"product_tag","embeddable":true,"href":"https:\/\/triangle.cat\/es\/wp-json\/wp\/v2\/product_tag?post=24391"}],"curies":[{"name":"wp","href":"https:\/\/api.w.org\/{rel}","templated":true}]}}