
{"id":24379,"date":"2023-02-13T10:56:10","date_gmt":"2023-02-13T11:55:37","guid":{"rendered":"https:\/\/www.triangleeditorial.com\/producto\/barcelona-7\/"},"modified":"2023-02-13T11:56:47","modified_gmt":"2023-02-13T11:56:47","slug":"barcelona-7","status":"publish","type":"product","link":"https:\/\/triangle.cat\/es\/producto\/barcelona-7\/","title":{"rendered":"Barcelona"},"content":{"rendered":"","protected":false},"excerpt":{"rendered":"<p>Barcelona respira los aires del Mediterr\u00e1neo en cada una de sus plazas, calles y rincones y es la \u00fanica ciudad del mundo con ocho edificios Patrimonio Mundial de la Humanidad, seis de Antoni Gaud\u00ed y dos de Llu\u00eds Dom\u00e8nech i Montaner, los principales arquitectos del Modernismo catal\u00e1n. Barcelona Imprescindible presenta un recorrido indispensable por sus paisajes urbanos. Desde su patrimonio romano hasta la arquitectura contempor\u00e1nea m\u00e1s vanguardista pasando por sus magn\u00edficos y singulares edificios g\u00f3ticos y modernistas; es un libro esencial para conocer los imprescindibles de Barcelona, heredera de 2000 a\u00f1os de historia y hoy en d\u00eda una urbe moderna, cosmopolita y din\u00e1mica, pero c\u00f3moda y acogedora, a la medida de las personas<\/p>\n","protected":false},"featured_media":15206,"comment_status":"closed","ping_status":"closed","template":"","meta":{"_acf_changed":false,"_monsterinsights_skip_tracking":false,"_monsterinsights_sitenote_active":false,"_monsterinsights_sitenote_note":"","_monsterinsights_sitenote_category":0},"product_brand":[],"product_cat":[1540],"product_tag":[991,1092,295,1008,1054,293,319,1066,1089],"class_list":{"0":"post-24379","1":"product","2":"type-product","3":"status-publish","4":"has-post-thumbnail","6":"product_cat-barcelona-es-2","7":"product_tag-aleman-es","8":"product_tag-chino-es","9":"product_tag-espanol","10":"product_tag-frances-es","11":"product_tag-holanda","12":"product_tag-ingles","13":"product_tag-italiano","14":"product_tag-portugues-es","15":"product_tag-ruso-es","16":"pa_idioma-deutsch-es","17":"pa_idioma-english-es","18":"pa_idioma-espanol-es-2","19":"pa_idioma-francais-es","20":"pa_idioma-italiano-es","21":"pa_idioma-nederlands-es","22":"pa_idioma-portugues-es","23":"pa_idioma--es","26":"first","27":"instock","28":"taxable","29":"shipping-taxable","30":"purchasable","31":"product-type-variable","32":"has-default-attributes"},"acf":[],"_links":{"self":[{"href":"https:\/\/triangle.cat\/es\/wp-json\/wp\/v2\/product\/24379","targetHints":{"allow":["GET"]}}],"collection":[{"href":"https:\/\/triangle.cat\/es\/wp-json\/wp\/v2\/product"}],"about":[{"href":"https:\/\/triangle.cat\/es\/wp-json\/wp\/v2\/types\/product"}],"replies":[{"embeddable":true,"href":"https:\/\/triangle.cat\/es\/wp-json\/wp\/v2\/comments?post=24379"}],"wp:featuredmedia":[{"embeddable":true,"href":"https:\/\/triangle.cat\/es\/wp-json\/wp\/v2\/media\/15206"}],"wp:attachment":[{"href":"https:\/\/triangle.cat\/es\/wp-json\/wp\/v2\/media?parent=24379"}],"wp:term":[{"taxonomy":"product_brand","embeddable":true,"href":"https:\/\/triangle.cat\/es\/wp-json\/wp\/v2\/product_brand?post=24379"},{"taxonomy":"product_cat","embeddable":true,"href":"https:\/\/triangle.cat\/es\/wp-json\/wp\/v2\/product_cat?post=24379"},{"taxonomy":"product_tag","embeddable":true,"href":"https:\/\/triangle.cat\/es\/wp-json\/wp\/v2\/product_tag?post=24379"}],"curies":[{"name":"wp","href":"https:\/\/api.w.org\/{rel}","templated":true}]}}