
{"id":24366,"date":"2023-02-13T10:54:58","date_gmt":"2023-02-13T11:54:17","guid":{"rendered":"https:\/\/www.triangleeditorial.com\/producto\/la-basilica-de-la-sagrada-familia\/"},"modified":"2025-04-25T13:00:39","modified_gmt":"2025-04-25T11:00:39","slug":"la-basilica-de-la-sagrada-familia","status":"publish","type":"product","link":"https:\/\/triangle.cat\/es\/producto\/la-basilica-de-la-sagrada-familia\/","title":{"rendered":"La Bas\u00edlica de la Sagrada Fam\u00edlia"},"content":{"rendered":"","protected":false},"excerpt":{"rendered":"<p>El Templo de la Sagrada Familia, en construcci\u00f3n desde 1882 y situado en el Eixample de Barcelona, es la obra cumbre de Antoni Gaud\u00ed. Sus tres fachadas principales, coronadas por torres, contienen multitud de detalles llenos de simbolog\u00eda y misticismo.<\/p>\n","protected":false},"featured_media":33210,"comment_status":"closed","ping_status":"closed","template":"","meta":{"_acf_changed":false,"_monsterinsights_skip_tracking":false,"_monsterinsights_sitenote_active":false,"_monsterinsights_sitenote_note":"","_monsterinsights_sitenote_category":0},"product_brand":[],"product_cat":[1558,1537],"product_tag":[991,292,1092,979,295,1008,1054,293,319,1095,1066,1089],"class_list":{"0":"post-24366","1":"product","2":"type-product","3":"status-publish","4":"has-post-thumbnail","6":"product_cat-antoni-gaudi-es","7":"product_cat-arte-y-arquitectura-es","8":"product_tag-aleman-es","9":"product_tag-catalan","10":"product_tag-chino-es","11":"product_tag-coreano-es-2","12":"product_tag-espanol","13":"product_tag-frances-es","14":"product_tag-holanda","15":"product_tag-ingles","16":"product_tag-italiano","17":"product_tag-japones-es","18":"product_tag-portugues-es","19":"product_tag-ruso-es","20":"pa_idioma-catalan","21":"pa_idioma-coreano","22":"pa_idioma-deutsch-es","23":"pa_idioma-english-es","24":"pa_idioma-espanol-es-2","25":"pa_idioma-francais-es","26":"pa_idioma-italiano-es","27":"pa_idioma-nederlands-es","28":"pa_idioma-portugues-es","29":"pa_idioma--es","33":"first","34":"instock","35":"taxable","36":"shipping-taxable","37":"purchasable","38":"product-type-variable","39":"has-default-attributes"},"acf":[],"_links":{"self":[{"href":"https:\/\/triangle.cat\/es\/wp-json\/wp\/v2\/product\/24366","targetHints":{"allow":["GET"]}}],"collection":[{"href":"https:\/\/triangle.cat\/es\/wp-json\/wp\/v2\/product"}],"about":[{"href":"https:\/\/triangle.cat\/es\/wp-json\/wp\/v2\/types\/product"}],"replies":[{"embeddable":true,"href":"https:\/\/triangle.cat\/es\/wp-json\/wp\/v2\/comments?post=24366"}],"wp:featuredmedia":[{"embeddable":true,"href":"https:\/\/triangle.cat\/es\/wp-json\/wp\/v2\/media\/33210"}],"wp:attachment":[{"href":"https:\/\/triangle.cat\/es\/wp-json\/wp\/v2\/media?parent=24366"}],"wp:term":[{"taxonomy":"product_brand","embeddable":true,"href":"https:\/\/triangle.cat\/es\/wp-json\/wp\/v2\/product_brand?post=24366"},{"taxonomy":"product_cat","embeddable":true,"href":"https:\/\/triangle.cat\/es\/wp-json\/wp\/v2\/product_cat?post=24366"},{"taxonomy":"product_tag","embeddable":true,"href":"https:\/\/triangle.cat\/es\/wp-json\/wp\/v2\/product_tag?post=24366"}],"curies":[{"name":"wp","href":"https:\/\/api.w.org\/{rel}","templated":true}]}}