
{"id":24357,"date":"2023-02-13T10:51:44","date_gmt":"2023-02-13T11:50:59","guid":{"rendered":"https:\/\/www.triangleeditorial.com\/producto\/barcelona-6\/"},"modified":"2023-02-13T11:54:19","modified_gmt":"2023-02-13T11:54:19","slug":"barcelona-6","status":"publish","type":"product","link":"https:\/\/triangle.cat\/es\/producto\/barcelona-6\/","title":{"rendered":"Barcelona"},"content":{"rendered":"","protected":false},"excerpt":{"rendered":"<p>Barcelona es una ciudad escrita y reescrita por sus habitantes desde hace m\u00e1s de 2.000 a\u00f1os. El escritor Joan Barril nos invita a conocerla en un paseo ameno y colorista, a trav\u00e9s de su riqueza humana, art\u00edstica y arquitect\u00f3nica. Incluye  desplegables panor\u00e1micos.<\/p>\n","protected":false},"featured_media":7461,"comment_status":"closed","ping_status":"open","template":"","meta":{"_acf_changed":false,"_monsterinsights_skip_tracking":false,"_monsterinsights_sitenote_active":false,"_monsterinsights_sitenote_note":"","_monsterinsights_sitenote_category":0},"product_brand":[],"product_cat":[1540],"product_tag":[991,292,1092,295,1008,293,319,1089],"class_list":{"0":"post-24357","1":"product","2":"type-product","3":"status-publish","4":"has-post-thumbnail","6":"product_cat-barcelona-es-2","7":"product_tag-aleman-es","8":"product_tag-catalan","9":"product_tag-chino-es","10":"product_tag-espanol","11":"product_tag-frances-es","12":"product_tag-ingles","13":"product_tag-italiano","14":"product_tag-ruso-es","15":"pa_idioma-catalan","16":"pa_idioma-deutsch-es","17":"pa_idioma-english-es","18":"pa_idioma-espanol-es-2","19":"pa_idioma-francais-es","20":"pa_idioma-italiano-es","21":"pa_idioma--es","24":"first","25":"instock","26":"taxable","27":"shipping-taxable","28":"purchasable","29":"product-type-variable","30":"has-default-attributes"},"acf":[],"_links":{"self":[{"href":"https:\/\/triangle.cat\/es\/wp-json\/wp\/v2\/product\/24357","targetHints":{"allow":["GET"]}}],"collection":[{"href":"https:\/\/triangle.cat\/es\/wp-json\/wp\/v2\/product"}],"about":[{"href":"https:\/\/triangle.cat\/es\/wp-json\/wp\/v2\/types\/product"}],"replies":[{"embeddable":true,"href":"https:\/\/triangle.cat\/es\/wp-json\/wp\/v2\/comments?post=24357"}],"wp:featuredmedia":[{"embeddable":true,"href":"https:\/\/triangle.cat\/es\/wp-json\/wp\/v2\/media\/7461"}],"wp:attachment":[{"href":"https:\/\/triangle.cat\/es\/wp-json\/wp\/v2\/media?parent=24357"}],"wp:term":[{"taxonomy":"product_brand","embeddable":true,"href":"https:\/\/triangle.cat\/es\/wp-json\/wp\/v2\/product_brand?post=24357"},{"taxonomy":"product_cat","embeddable":true,"href":"https:\/\/triangle.cat\/es\/wp-json\/wp\/v2\/product_cat?post=24357"},{"taxonomy":"product_tag","embeddable":true,"href":"https:\/\/triangle.cat\/es\/wp-json\/wp\/v2\/product_tag?post=24357"}],"curies":[{"name":"wp","href":"https:\/\/api.w.org\/{rel}","templated":true}]}}