
{"id":24350,"date":"2023-02-13T10:51:05","date_gmt":"2023-02-13T11:50:15","guid":{"rendered":"https:\/\/www.triangleeditorial.com\/producto\/costa-blanca\/"},"modified":"2023-02-13T11:51:00","modified_gmt":"2023-02-13T11:51:00","slug":"costa-blanca","status":"publish","type":"product","link":"https:\/\/triangle.cat\/es\/producto\/costa-blanca\/","title":{"rendered":"Costa Blanca"},"content":{"rendered":"","protected":false},"excerpt":{"rendered":"<p>Los m\u00e1s de 218 kil\u00f3metros de litoral y sus horas de sol al a\u00f1o son la carta de presentaci\u00f3n de una marca, Costa Blanca, que engloba a toda la provincia de Alicante. Una costa diversa de calas y playas, un interior de altura que hace de la provincia una de las m\u00e1s monta\u00f1osas de Espa\u00f1a, y un pu\u00f1ado de perfumadas huertas, conforman un paisaje que es pura esencia mediterr\u00e1nea.<\/p>\n","protected":false},"featured_media":3857,"comment_status":"closed","ping_status":"closed","template":"","meta":{"_acf_changed":false,"_monsterinsights_skip_tracking":false,"_monsterinsights_sitenote_active":false,"_monsterinsights_sitenote_note":"","_monsterinsights_sitenote_category":0},"product_brand":[],"product_cat":[1576],"product_tag":[991,295,1008,293,319,1089],"class_list":{"0":"post-24350","1":"product","2":"type-product","3":"status-publish","4":"has-post-thumbnail","6":"product_cat-valencia-costa-blanca-es","7":"product_tag-aleman-es","8":"product_tag-espanol","9":"product_tag-frances-es","10":"product_tag-ingles","11":"product_tag-italiano","12":"product_tag-ruso-es","13":"pa_idioma-deutsch-es","14":"pa_idioma-english-es","15":"pa_idioma-espanol-es-2","16":"pa_idioma-francais-es","17":"pa_idioma-italiano-es","18":"pa_idioma--es","20":"first","21":"instock","22":"taxable","23":"shipping-taxable","24":"purchasable","25":"product-type-variable","26":"has-default-attributes"},"acf":[],"_links":{"self":[{"href":"https:\/\/triangle.cat\/es\/wp-json\/wp\/v2\/product\/24350","targetHints":{"allow":["GET"]}}],"collection":[{"href":"https:\/\/triangle.cat\/es\/wp-json\/wp\/v2\/product"}],"about":[{"href":"https:\/\/triangle.cat\/es\/wp-json\/wp\/v2\/types\/product"}],"replies":[{"embeddable":true,"href":"https:\/\/triangle.cat\/es\/wp-json\/wp\/v2\/comments?post=24350"}],"wp:featuredmedia":[{"embeddable":true,"href":"https:\/\/triangle.cat\/es\/wp-json\/wp\/v2\/media\/3857"}],"wp:attachment":[{"href":"https:\/\/triangle.cat\/es\/wp-json\/wp\/v2\/media?parent=24350"}],"wp:term":[{"taxonomy":"product_brand","embeddable":true,"href":"https:\/\/triangle.cat\/es\/wp-json\/wp\/v2\/product_brand?post=24350"},{"taxonomy":"product_cat","embeddable":true,"href":"https:\/\/triangle.cat\/es\/wp-json\/wp\/v2\/product_cat?post=24350"},{"taxonomy":"product_tag","embeddable":true,"href":"https:\/\/triangle.cat\/es\/wp-json\/wp\/v2\/product_tag?post=24350"}],"curies":[{"name":"wp","href":"https:\/\/api.w.org\/{rel}","templated":true}]}}