
{"id":24342,"date":"2023-02-13T10:50:39","date_gmt":"2023-02-13T11:49:47","guid":{"rendered":"https:\/\/www.triangleeditorial.com\/producto\/barcelona-5\/"},"modified":"2023-02-13T11:50:16","modified_gmt":"2023-02-13T11:50:16","slug":"barcelona-5","status":"publish","type":"product","link":"https:\/\/triangle.cat\/es\/producto\/barcelona-5\/","title":{"rendered":"Barcelona"},"content":{"rendered":"","protected":false},"excerpt":{"rendered":"<p>Un libro para todas las edades con 41 poemas de Josep Carner \u2013traducidos para la ocasi\u00f3n por el poeta Fernando Beltr\u00e1n\u2013 , ilustrados con magn\u00edficas fotograf\u00edas de estos mismos animales que \u2013esculpidos, esgrafiados o forjados\u2013 se hallan en las fachadas, fuentes, rejas o jardines de Barcelona, quiz\u00e1s la ciudad europea con un bestiario m\u00e1s extenso y completo al alcance de la mirada de sus paseantes. \u00abBarcelona Bestiario\u00bb incluye tambi\u00e9n planos de la localizaci\u00f3n de los animales y textos de Marta Luna que ayudan a contextualizar las im\u00e1genes.<\/p>\n","protected":false},"featured_media":24343,"comment_status":"closed","ping_status":"open","template":"","meta":{"_acf_changed":false,"_monsterinsights_skip_tracking":false,"_monsterinsights_sitenote_active":false,"_monsterinsights_sitenote_note":"","_monsterinsights_sitenote_category":0},"product_brand":[],"product_cat":[1540,1564],"product_tag":[],"class_list":{"0":"post-24342","1":"product","2":"type-product","3":"status-publish","4":"has-post-thumbnail","6":"product_cat-barcelona-es-2","7":"product_cat-infantil-es","8":"pa_idioma-catalan","9":"pa_idioma-english-es","10":"pa_idioma-espanol-es-2","12":"first","13":"instock","14":"taxable","15":"shipping-taxable","16":"purchasable","17":"product-type-variable","18":"has-default-attributes"},"acf":[],"_links":{"self":[{"href":"https:\/\/triangle.cat\/es\/wp-json\/wp\/v2\/product\/24342","targetHints":{"allow":["GET"]}}],"collection":[{"href":"https:\/\/triangle.cat\/es\/wp-json\/wp\/v2\/product"}],"about":[{"href":"https:\/\/triangle.cat\/es\/wp-json\/wp\/v2\/types\/product"}],"replies":[{"embeddable":true,"href":"https:\/\/triangle.cat\/es\/wp-json\/wp\/v2\/comments?post=24342"}],"wp:featuredmedia":[{"embeddable":true,"href":"https:\/\/triangle.cat\/es\/wp-json\/wp\/v2\/media\/24343"}],"wp:attachment":[{"href":"https:\/\/triangle.cat\/es\/wp-json\/wp\/v2\/media?parent=24342"}],"wp:term":[{"taxonomy":"product_brand","embeddable":true,"href":"https:\/\/triangle.cat\/es\/wp-json\/wp\/v2\/product_brand?post=24342"},{"taxonomy":"product_cat","embeddable":true,"href":"https:\/\/triangle.cat\/es\/wp-json\/wp\/v2\/product_cat?post=24342"},{"taxonomy":"product_tag","embeddable":true,"href":"https:\/\/triangle.cat\/es\/wp-json\/wp\/v2\/product_tag?post=24342"}],"curies":[{"name":"wp","href":"https:\/\/api.w.org\/{rel}","templated":true}]}}