
{"id":24340,"date":"2023-02-13T10:50:27","date_gmt":"2023-02-13T11:49:31","guid":{"rendered":"https:\/\/www.triangleeditorial.com\/producto\/barcelona-gotica\/"},"modified":"2023-02-13T11:49:49","modified_gmt":"2023-02-13T11:49:49","slug":"barcelona-gotica","status":"publish","type":"product","link":"https:\/\/triangle.cat\/es\/producto\/barcelona-gotica\/","title":{"rendered":"Barcelona G\u00f2tica"},"content":{"rendered":"","protected":false},"excerpt":{"rendered":"<p>Durante los siglos XIV y XV Barcelona fue un espacio privilegiado en el Mediterr\u00e1neo para alentar una intensa creatividad que qued\u00f3 plasmada en la arquitectura, la escultura y la pintura, expresadas en un estilo g\u00f3tico de una originalidad innegable. Todo ello queda reflejado en este libro gracias a una nueva y original mirada de sus autores, Raimon Arola y Victoria Cirlot, y del fot\u00f3grafo Pere Vivas.<\/p>\n","protected":false},"featured_media":22373,"comment_status":"closed","ping_status":"open","template":"","meta":{"_acf_changed":false,"_monsterinsights_skip_tracking":false,"_monsterinsights_sitenote_active":false,"_monsterinsights_sitenote_note":"","_monsterinsights_sitenote_category":0},"product_brand":[],"product_cat":[1537,1540],"product_tag":[292,295,293],"class_list":{"0":"post-24340","1":"product","2":"type-product","3":"status-publish","4":"has-post-thumbnail","6":"product_cat-arte-y-arquitectura-es","7":"product_cat-barcelona-es-2","8":"product_tag-catalan","9":"product_tag-espanol","10":"product_tag-ingles","11":"pa_idioma-multilingue-catala-espanol-english-es","13":"first","14":"instock","15":"taxable","16":"shipping-taxable","17":"purchasable","18":"product-type-variable","19":"has-default-attributes"},"acf":[],"_links":{"self":[{"href":"https:\/\/triangle.cat\/es\/wp-json\/wp\/v2\/product\/24340","targetHints":{"allow":["GET"]}}],"collection":[{"href":"https:\/\/triangle.cat\/es\/wp-json\/wp\/v2\/product"}],"about":[{"href":"https:\/\/triangle.cat\/es\/wp-json\/wp\/v2\/types\/product"}],"replies":[{"embeddable":true,"href":"https:\/\/triangle.cat\/es\/wp-json\/wp\/v2\/comments?post=24340"}],"wp:featuredmedia":[{"embeddable":true,"href":"https:\/\/triangle.cat\/es\/wp-json\/wp\/v2\/media\/22373"}],"wp:attachment":[{"href":"https:\/\/triangle.cat\/es\/wp-json\/wp\/v2\/media?parent=24340"}],"wp:term":[{"taxonomy":"product_brand","embeddable":true,"href":"https:\/\/triangle.cat\/es\/wp-json\/wp\/v2\/product_brand?post=24340"},{"taxonomy":"product_cat","embeddable":true,"href":"https:\/\/triangle.cat\/es\/wp-json\/wp\/v2\/product_cat?post=24340"},{"taxonomy":"product_tag","embeddable":true,"href":"https:\/\/triangle.cat\/es\/wp-json\/wp\/v2\/product_tag?post=24340"}],"curies":[{"name":"wp","href":"https:\/\/api.w.org\/{rel}","templated":true}]}}