
{"id":24336,"date":"2022-02-13T10:49:51","date_gmt":"2023-02-13T11:48:54","guid":{"rendered":"https:\/\/www.triangleeditorial.com\/producto\/theblogfrom-barcelona\/"},"modified":"2023-02-13T11:49:33","modified_gmt":"2023-02-13T11:49:33","slug":"theblogfrom-barcelona","status":"publish","type":"product","link":"https:\/\/triangle.cat\/es\/producto\/theblogfrom-barcelona\/","title":{"rendered":"@TheBlogFrom Barcelona"},"content":{"rendered":"","protected":false},"excerpt":{"rendered":"<p>El ilustrador Luis Silva y Triangle Books te ofrecen un precioso y pr\u00e1ctico cuaderno de viajes para conocer y disfrutar la ciudad con rutas y mapas de Barcelona para marcar tu itinerario y p\u00e1ginas para tomar notas o escribir tus ideas y reflexiones. Todo ello acompa\u00f1ado de fotograf\u00edas especiales y hermosas ilustraciones a la acuarela. Un regalo inteligente para personas especiales como t\u00fa. Disponible en cuatro colores.https:\/\/www.facebook.com\/theblogfrom\/<\/p>\n","protected":false},"featured_media":18116,"comment_status":"closed","ping_status":"closed","template":"","meta":{"_acf_changed":false,"_monsterinsights_skip_tracking":false,"_monsterinsights_sitenote_active":false,"_monsterinsights_sitenote_note":"","_monsterinsights_sitenote_category":0},"product_brand":[],"product_cat":[1501,1540,1567,1525],"product_tag":[295,1008,293],"class_list":{"0":"post-24336","1":"product","2":"type-product","3":"status-publish","4":"has-post-thumbnail","6":"product_cat-barcelona-es","7":"product_cat-barcelona-es-2","8":"product_cat-libros-ilustrados","9":"product_cat-sketchguides-es","10":"product_tag-espanol","11":"product_tag-frances-es","12":"product_tag-ingles","13":"pa_idioma-english-es","14":"pa_idioma-espanol-es-2","15":"pa_idioma-francais-es","17":"first","18":"instock","19":"taxable","20":"shipping-taxable","21":"purchasable","22":"product-type-variable","23":"has-default-attributes"},"acf":[],"_links":{"self":[{"href":"https:\/\/triangle.cat\/es\/wp-json\/wp\/v2\/product\/24336","targetHints":{"allow":["GET"]}}],"collection":[{"href":"https:\/\/triangle.cat\/es\/wp-json\/wp\/v2\/product"}],"about":[{"href":"https:\/\/triangle.cat\/es\/wp-json\/wp\/v2\/types\/product"}],"replies":[{"embeddable":true,"href":"https:\/\/triangle.cat\/es\/wp-json\/wp\/v2\/comments?post=24336"}],"wp:featuredmedia":[{"embeddable":true,"href":"https:\/\/triangle.cat\/es\/wp-json\/wp\/v2\/media\/18116"}],"wp:attachment":[{"href":"https:\/\/triangle.cat\/es\/wp-json\/wp\/v2\/media?parent=24336"}],"wp:term":[{"taxonomy":"product_brand","embeddable":true,"href":"https:\/\/triangle.cat\/es\/wp-json\/wp\/v2\/product_brand?post=24336"},{"taxonomy":"product_cat","embeddable":true,"href":"https:\/\/triangle.cat\/es\/wp-json\/wp\/v2\/product_cat?post=24336"},{"taxonomy":"product_tag","embeddable":true,"href":"https:\/\/triangle.cat\/es\/wp-json\/wp\/v2\/product_tag?post=24336"}],"curies":[{"name":"wp","href":"https:\/\/api.w.org\/{rel}","templated":true}]}}