
{"id":24327,"date":"2023-02-13T10:47:16","date_gmt":"2023-02-13T11:46:18","guid":{"rendered":"https:\/\/www.triangleeditorial.com\/producto\/barcelona-4\/"},"modified":"2025-01-21T12:19:53","modified_gmt":"2025-01-21T10:19:53","slug":"barcelona-4","status":"publish","type":"product","link":"https:\/\/triangle.cat\/es\/producto\/barcelona-4\/","title":{"rendered":"Barcelona"},"content":{"rendered":"","protected":false},"excerpt":{"rendered":"<p>En esta gu\u00eda te explicamos la ciudad siguiendo los itinerarios y las paradas de las dos compa\u00f1\u00edas de autobuses tur\u00edsticos que recorren la ciudad. Pero tambi\u00e9n a\u00f1adimos las estaciones de la red de metro para quien prefiera visitar Barcelona a su aire. En cada zona emblem\u00e1tica, junto con los\u00a0monumentos y atracciones m\u00e1s destacados, encontrar\u00e1s \u2013junto con el mapa de situaci\u00f3n de dichos monumentos y de las paradas de los autobuses tur\u00edsticos y de la red de metro\u2013 nuestras recomendaciones de bares, restaurantes, comercios singulares, tiendas de gastronom\u00eda y\u00a0enolog\u00eda, locales, clubs nocturnos o\u00a0establecimientos para los m\u00e1s golosos, entre otros.<\/p>\n","protected":false},"featured_media":17880,"comment_status":"closed","ping_status":"closed","template":"","meta":{"_acf_changed":false,"_monsterinsights_skip_tracking":false,"_monsterinsights_sitenote_active":false,"_monsterinsights_sitenote_note":"","_monsterinsights_sitenote_category":0},"product_brand":[],"product_cat":[1501,1540,1509],"product_tag":[991,295,1008,293,319,1095,1089],"class_list":{"0":"post-24327","1":"product","2":"type-product","3":"status-publish","4":"has-post-thumbnail","6":"product_cat-barcelona-es","7":"product_cat-barcelona-es-2","8":"product_cat-fotoguias","9":"product_tag-aleman-es","10":"product_tag-espanol","11":"product_tag-frances-es","12":"product_tag-ingles","13":"product_tag-italiano","14":"product_tag-japones-es","15":"product_tag-ruso-es","16":"pa_idioma-deutsch-es","17":"pa_idioma-english-es","18":"pa_idioma-espanol-es-2","19":"pa_idioma-francais-es","20":"pa_idioma-italiano-es","21":"pa_idioma--es","25":"first","26":"instock","27":"taxable","28":"shipping-taxable","29":"purchasable","30":"product-type-variable","31":"has-default-attributes"},"acf":[],"_links":{"self":[{"href":"https:\/\/triangle.cat\/es\/wp-json\/wp\/v2\/product\/24327","targetHints":{"allow":["GET"]}}],"collection":[{"href":"https:\/\/triangle.cat\/es\/wp-json\/wp\/v2\/product"}],"about":[{"href":"https:\/\/triangle.cat\/es\/wp-json\/wp\/v2\/types\/product"}],"replies":[{"embeddable":true,"href":"https:\/\/triangle.cat\/es\/wp-json\/wp\/v2\/comments?post=24327"}],"wp:featuredmedia":[{"embeddable":true,"href":"https:\/\/triangle.cat\/es\/wp-json\/wp\/v2\/media\/17880"}],"wp:attachment":[{"href":"https:\/\/triangle.cat\/es\/wp-json\/wp\/v2\/media?parent=24327"}],"wp:term":[{"taxonomy":"product_brand","embeddable":true,"href":"https:\/\/triangle.cat\/es\/wp-json\/wp\/v2\/product_brand?post=24327"},{"taxonomy":"product_cat","embeddable":true,"href":"https:\/\/triangle.cat\/es\/wp-json\/wp\/v2\/product_cat?post=24327"},{"taxonomy":"product_tag","embeddable":true,"href":"https:\/\/triangle.cat\/es\/wp-json\/wp\/v2\/product_tag?post=24327"}],"curies":[{"name":"wp","href":"https:\/\/api.w.org\/{rel}","templated":true}]}}