
{"id":24320,"date":"2023-02-13T10:46:39","date_gmt":"2023-02-13T11:45:34","guid":{"rendered":"https:\/\/www.triangleeditorial.com\/producto\/besalu\/"},"modified":"2023-02-13T11:46:19","modified_gmt":"2023-02-13T11:46:19","slug":"besalu","status":"publish","type":"product","link":"https:\/\/triangle.cat\/es\/producto\/besalu\/","title":{"rendered":"Besal\u00fa"},"content":{"rendered":"","protected":false},"excerpt":{"rendered":"<p>Besal\u00fa es uno de los pueblos rom\u00e1nicos mejor conservados de Catalu\u00f1a y uno de los m\u00e1s atractivos de Espa\u00f1a. No en vano, en 1966 fue declarado Conjunto Hist\u00f3rico-Art\u00edstico Nacional por su gran valor arquitect\u00f3nico. Un paseo por sus calles medievales permite, entre otras cosas, descubrir los secretos que esconde la antigua capital del condado.<\/p>\n","protected":false},"featured_media":15184,"comment_status":"closed","ping_status":"open","template":"","meta":{"_acf_changed":false,"_monsterinsights_skip_tracking":false,"_monsterinsights_sitenote_active":false,"_monsterinsights_sitenote_note":"","_monsterinsights_sitenote_category":0},"product_brand":[],"product_cat":[1543,1561],"product_tag":[292,295,1008,293,1089],"class_list":{"0":"post-24320","1":"product","2":"type-product","3":"status-publish","4":"has-post-thumbnail","6":"product_cat-cataluna-es","7":"product_cat-girona-costa-brava-es","8":"product_tag-catalan","9":"product_tag-espanol","10":"product_tag-frances-es","11":"product_tag-ingles","12":"product_tag-ruso-es","13":"pa_idioma-catalan","14":"pa_idioma-english-es","15":"pa_idioma-espanol-es-2","16":"pa_idioma-francais-es","17":"pa_idioma--es","18":"pa_idioma-hebrew-es","20":"first","21":"instock","22":"taxable","23":"shipping-taxable","24":"purchasable","25":"product-type-variable","26":"has-default-attributes"},"acf":[],"_links":{"self":[{"href":"https:\/\/triangle.cat\/es\/wp-json\/wp\/v2\/product\/24320","targetHints":{"allow":["GET"]}}],"collection":[{"href":"https:\/\/triangle.cat\/es\/wp-json\/wp\/v2\/product"}],"about":[{"href":"https:\/\/triangle.cat\/es\/wp-json\/wp\/v2\/types\/product"}],"replies":[{"embeddable":true,"href":"https:\/\/triangle.cat\/es\/wp-json\/wp\/v2\/comments?post=24320"}],"wp:featuredmedia":[{"embeddable":true,"href":"https:\/\/triangle.cat\/es\/wp-json\/wp\/v2\/media\/15184"}],"wp:attachment":[{"href":"https:\/\/triangle.cat\/es\/wp-json\/wp\/v2\/media?parent=24320"}],"wp:term":[{"taxonomy":"product_brand","embeddable":true,"href":"https:\/\/triangle.cat\/es\/wp-json\/wp\/v2\/product_brand?post=24320"},{"taxonomy":"product_cat","embeddable":true,"href":"https:\/\/triangle.cat\/es\/wp-json\/wp\/v2\/product_cat?post=24320"},{"taxonomy":"product_tag","embeddable":true,"href":"https:\/\/triangle.cat\/es\/wp-json\/wp\/v2\/product_tag?post=24320"}],"curies":[{"name":"wp","href":"https:\/\/api.w.org\/{rel}","templated":true}]}}