
{"id":24309,"date":"2023-02-13T10:45:41","date_gmt":"2023-02-13T11:44:24","guid":{"rendered":"https:\/\/www.triangleeditorial.com\/producto\/casa-batllo-2\/"},"modified":"2023-08-07T20:39:01","modified_gmt":"2023-08-07T18:39:01","slug":"casa-batllo-2","status":"publish","type":"product","link":"https:\/\/triangle.cat\/es\/producto\/casa-batllo-2\/","title":{"rendered":"Casa Batll\u00f3"},"content":{"rendered":"","protected":false},"excerpt":{"rendered":"<p>Este libro nos lleva m\u00e1s all\u00e1 de su famosa fachada para mostrarnos, con minuciosidad y detallismo, la creatividad del gran arquitecto en todos los espacios del edificio gracias a un trabajo excepcional del fot\u00f3grafo Pere Vivas.Adem\u00e1s, la introducci\u00f3n de Juan Jos\u00e9 Lahuerta (arquitecto, profesor y actualmente director de la C\u00e1tedra Gaud\u00ed) nos ayuda a contextualizar el momento hist\u00f3rico y art\u00edstico de la obra del gran arquitecto.Un libro ideal para conocer la Casa Batll\u00f3, Patrimonio Mundial desde 2005.<\/p>\n","protected":false},"featured_media":7417,"comment_status":"closed","ping_status":"closed","template":"","meta":{"_acf_changed":false,"_monsterinsights_skip_tracking":false,"_monsterinsights_sitenote_active":false,"_monsterinsights_sitenote_note":"","_monsterinsights_sitenote_category":0},"product_brand":[],"product_cat":[1558,1537],"product_tag":[991,292,1092,295,1008,1054,293,319,1095,1089,1098],"class_list":{"0":"post-24309","1":"product","2":"type-product","3":"status-publish","4":"has-post-thumbnail","6":"product_cat-antoni-gaudi-es","7":"product_cat-arte-y-arquitectura-es","8":"product_tag-aleman-es","9":"product_tag-catalan","10":"product_tag-chino-es","11":"product_tag-espanol","12":"product_tag-frances-es","13":"product_tag-holanda","14":"product_tag-ingles","15":"product_tag-italiano","16":"product_tag-japones-es","17":"product_tag-ruso-es","18":"product_tag--coreano","19":"pa_idioma-catalan","20":"pa_idioma-deutsch-es","21":"pa_idioma-english-es","22":"pa_idioma-espanol-es-2","23":"pa_idioma-francais-es","24":"pa_idioma-italiano-es","25":"pa_idioma-nederlands-es","26":"pa_idioma--es","30":"first","31":"instock","32":"taxable","33":"shipping-taxable","34":"purchasable","35":"product-type-variable","36":"has-default-attributes"},"acf":[],"_links":{"self":[{"href":"https:\/\/triangle.cat\/es\/wp-json\/wp\/v2\/product\/24309","targetHints":{"allow":["GET"]}}],"collection":[{"href":"https:\/\/triangle.cat\/es\/wp-json\/wp\/v2\/product"}],"about":[{"href":"https:\/\/triangle.cat\/es\/wp-json\/wp\/v2\/types\/product"}],"replies":[{"embeddable":true,"href":"https:\/\/triangle.cat\/es\/wp-json\/wp\/v2\/comments?post=24309"}],"wp:featuredmedia":[{"embeddable":true,"href":"https:\/\/triangle.cat\/es\/wp-json\/wp\/v2\/media\/7417"}],"wp:attachment":[{"href":"https:\/\/triangle.cat\/es\/wp-json\/wp\/v2\/media?parent=24309"}],"wp:term":[{"taxonomy":"product_brand","embeddable":true,"href":"https:\/\/triangle.cat\/es\/wp-json\/wp\/v2\/product_brand?post=24309"},{"taxonomy":"product_cat","embeddable":true,"href":"https:\/\/triangle.cat\/es\/wp-json\/wp\/v2\/product_cat?post=24309"},{"taxonomy":"product_tag","embeddable":true,"href":"https:\/\/triangle.cat\/es\/wp-json\/wp\/v2\/product_tag?post=24309"}],"curies":[{"name":"wp","href":"https:\/\/api.w.org\/{rel}","templated":true}]}}