
{"id":24298,"date":"2023-02-13T10:43:13","date_gmt":"2023-02-13T11:41:47","guid":{"rendered":"https:\/\/www.triangleeditorial.com\/producto\/barcelona-alta-costura\/"},"modified":"2023-02-13T11:42:08","modified_gmt":"2023-02-13T11:42:08","slug":"barcelona-alta-costura","status":"publish","type":"product","link":"https:\/\/triangle.cat\/es\/producto\/barcelona-alta-costura\/","title":{"rendered":"Barcelona alta costura"},"content":{"rendered":"","protected":false},"excerpt":{"rendered":"<p>Esta selecci\u00f3n del valioso fondo de vestidos y complementos, de la Colecci\u00f3n textil Antoni de Montpalau, nos permite disfrutar del glamour de nuestra edad de oro de la alta costura (1920-1980). Pertegaz, Balenciaga, Pedro Rodr\u00edguez, Santa Eulalia, Rosser, Carmen Mir, Argon, El Dique Flotante, Asunci\u00f3n Bastida, Marinette&#8230; son s\u00f3lo algunos de los grandes nombres de la colecci\u00f3n.<\/p>\n","protected":false},"featured_media":21083,"comment_status":"closed","ping_status":"open","template":"","meta":{"_acf_changed":false,"_monsterinsights_skip_tracking":false,"_monsterinsights_sitenote_active":false,"_monsterinsights_sitenote_note":"","_monsterinsights_sitenote_category":0},"product_brand":[],"product_cat":[1537,1553],"product_tag":[292,295,293],"class_list":{"0":"post-24298","1":"product","2":"type-product","3":"status-publish","4":"has-post-thumbnail","6":"product_cat-arte-y-arquitectura-es","7":"product_cat-fotografia-y-diseno","8":"product_tag-catalan","9":"product_tag-espanol","10":"product_tag-ingles","11":"pa_idioma-catala-english-es","12":"pa_idioma-espanol-english-es","14":"first","15":"instock","16":"taxable","17":"shipping-taxable","18":"purchasable","19":"product-type-variable","20":"has-default-attributes"},"acf":[],"_links":{"self":[{"href":"https:\/\/triangle.cat\/es\/wp-json\/wp\/v2\/product\/24298","targetHints":{"allow":["GET"]}}],"collection":[{"href":"https:\/\/triangle.cat\/es\/wp-json\/wp\/v2\/product"}],"about":[{"href":"https:\/\/triangle.cat\/es\/wp-json\/wp\/v2\/types\/product"}],"replies":[{"embeddable":true,"href":"https:\/\/triangle.cat\/es\/wp-json\/wp\/v2\/comments?post=24298"}],"wp:featuredmedia":[{"embeddable":true,"href":"https:\/\/triangle.cat\/es\/wp-json\/wp\/v2\/media\/21083"}],"wp:attachment":[{"href":"https:\/\/triangle.cat\/es\/wp-json\/wp\/v2\/media?parent=24298"}],"wp:term":[{"taxonomy":"product_brand","embeddable":true,"href":"https:\/\/triangle.cat\/es\/wp-json\/wp\/v2\/product_brand?post=24298"},{"taxonomy":"product_cat","embeddable":true,"href":"https:\/\/triangle.cat\/es\/wp-json\/wp\/v2\/product_cat?post=24298"},{"taxonomy":"product_tag","embeddable":true,"href":"https:\/\/triangle.cat\/es\/wp-json\/wp\/v2\/product_tag?post=24298"}],"curies":[{"name":"wp","href":"https:\/\/api.w.org\/{rel}","templated":true}]}}