
{"id":24290,"date":"2023-02-13T10:42:16","date_gmt":"2023-02-13T11:40:56","guid":{"rendered":"https:\/\/www.triangleeditorial.com\/producto\/barcelona-3\/"},"modified":"2023-02-13T11:41:48","modified_gmt":"2023-02-13T11:41:48","slug":"barcelona-3","status":"publish","type":"product","link":"https:\/\/triangle.cat\/es\/producto\/barcelona-3\/","title":{"rendered":"Barcelona"},"content":{"rendered":"","protected":false},"excerpt":{"rendered":"<p>Barcelona es un mosaico de paisajes y ambientes: el puerto y la Rambla, el circuito g\u00f3tico de Ciutat Vella, el Eixample, el Modernismo y Gaud\u00ed, el urbanismo ol\u00edmpico, los museos y las esculturas, el ocio y la noche\u2026 Un completo reportaje visual complementado con mapas generales y tem\u00e1ticos de la ciudad. Disfrutad de Barcelona ahora tambi\u00e9n en un nuevo formato m\u00e1s grande, nuevo dise\u00f1o y nuevas fotograf\u00edas.<\/p>\n","protected":false},"featured_media":15151,"comment_status":"closed","ping_status":"closed","template":"","meta":{"_acf_changed":false,"_monsterinsights_skip_tracking":false,"_monsterinsights_sitenote_active":false,"_monsterinsights_sitenote_note":"","_monsterinsights_sitenote_category":0},"product_brand":[],"product_cat":[1540],"product_tag":[991,1092,295,1008,293,319,1089],"class_list":{"0":"post-24290","1":"product","2":"type-product","3":"status-publish","4":"has-post-thumbnail","6":"product_cat-barcelona-es-2","7":"product_tag-aleman-es","8":"product_tag-chino-es","9":"product_tag-espanol","10":"product_tag-frances-es","11":"product_tag-ingles","12":"product_tag-italiano","13":"product_tag-ruso-es","14":"pa_idioma-deutsch-es","15":"pa_idioma-english-es","16":"pa_idioma-espanol-es-2","17":"pa_idioma-francais-es","18":"pa_idioma-italiano-es","19":"pa_idioma--es","22":"first","23":"instock","24":"taxable","25":"shipping-taxable","26":"purchasable","27":"product-type-variable","28":"has-default-attributes"},"acf":[],"_links":{"self":[{"href":"https:\/\/triangle.cat\/es\/wp-json\/wp\/v2\/product\/24290","targetHints":{"allow":["GET"]}}],"collection":[{"href":"https:\/\/triangle.cat\/es\/wp-json\/wp\/v2\/product"}],"about":[{"href":"https:\/\/triangle.cat\/es\/wp-json\/wp\/v2\/types\/product"}],"replies":[{"embeddable":true,"href":"https:\/\/triangle.cat\/es\/wp-json\/wp\/v2\/comments?post=24290"}],"wp:featuredmedia":[{"embeddable":true,"href":"https:\/\/triangle.cat\/es\/wp-json\/wp\/v2\/media\/15151"}],"wp:attachment":[{"href":"https:\/\/triangle.cat\/es\/wp-json\/wp\/v2\/media?parent=24290"}],"wp:term":[{"taxonomy":"product_brand","embeddable":true,"href":"https:\/\/triangle.cat\/es\/wp-json\/wp\/v2\/product_brand?post=24290"},{"taxonomy":"product_cat","embeddable":true,"href":"https:\/\/triangle.cat\/es\/wp-json\/wp\/v2\/product_cat?post=24290"},{"taxonomy":"product_tag","embeddable":true,"href":"https:\/\/triangle.cat\/es\/wp-json\/wp\/v2\/product_tag?post=24290"}],"curies":[{"name":"wp","href":"https:\/\/api.w.org\/{rel}","templated":true}]}}