
{"id":24278,"date":"2023-02-13T10:41:11","date_gmt":"2023-02-13T11:39:43","guid":{"rendered":"https:\/\/www.triangleeditorial.com\/producto\/barcelona-2\/"},"modified":"2025-01-13T10:14:36","modified_gmt":"2025-01-13T08:14:36","slug":"barcelona-2","status":"publish","type":"product","link":"https:\/\/triangle.cat\/es\/producto\/barcelona-2\/","title":{"rendered":"Barcelona"},"content":{"rendered":"","protected":false},"excerpt":{"rendered":"<p>Barcelona es un mosaico de paisajes y ambientes: el puerto y la Rambla, el circuito g\u00f3tico de Ciutat Vella, el Eixample, el Modernismo y Gaud\u00ed, el urbanismo ol\u00edmpico, los museos y las esculturas, el ocio y la noche\u2026 Un completo reportaje visual complementado con mapas generales y tem\u00e1ticos de la ciudad.<\/p>\n","protected":false},"featured_media":33158,"comment_status":"closed","ping_status":"closed","template":"","meta":{"_acf_changed":false,"_monsterinsights_skip_tracking":false,"_monsterinsights_sitenote_active":false,"_monsterinsights_sitenote_note":"","_monsterinsights_sitenote_category":0},"product_brand":[],"product_cat":[1558,1540],"product_tag":[991,1092,295,1008,1054,293,319,1095,1066,1089,1098],"class_list":{"0":"post-24278","1":"product","2":"type-product","3":"status-publish","4":"has-post-thumbnail","6":"product_cat-antoni-gaudi-es","7":"product_cat-barcelona-es-2","8":"product_tag-aleman-es","9":"product_tag-chino-es","10":"product_tag-espanol","11":"product_tag-frances-es","12":"product_tag-holanda","13":"product_tag-ingles","14":"product_tag-italiano","15":"product_tag-japones-es","16":"product_tag-portugues-es","17":"product_tag-ruso-es","18":"product_tag--coreano","19":"pa_idioma-coreano","20":"pa_idioma-deutsch-es","21":"pa_idioma-english-es","22":"pa_idioma-espanol-es-2","23":"pa_idioma-francais-es","24":"pa_idioma-italiano-es","25":"pa_idioma-nederlands-es","26":"pa_idioma-portugues-es","27":"pa_idioma--es","31":"first","32":"instock","33":"taxable","34":"shipping-taxable","35":"purchasable","36":"product-type-variable","37":"has-default-attributes"},"acf":[],"_links":{"self":[{"href":"https:\/\/triangle.cat\/es\/wp-json\/wp\/v2\/product\/24278","targetHints":{"allow":["GET"]}}],"collection":[{"href":"https:\/\/triangle.cat\/es\/wp-json\/wp\/v2\/product"}],"about":[{"href":"https:\/\/triangle.cat\/es\/wp-json\/wp\/v2\/types\/product"}],"replies":[{"embeddable":true,"href":"https:\/\/triangle.cat\/es\/wp-json\/wp\/v2\/comments?post=24278"}],"wp:featuredmedia":[{"embeddable":true,"href":"https:\/\/triangle.cat\/es\/wp-json\/wp\/v2\/media\/33158"}],"wp:attachment":[{"href":"https:\/\/triangle.cat\/es\/wp-json\/wp\/v2\/media?parent=24278"}],"wp:term":[{"taxonomy":"product_brand","embeddable":true,"href":"https:\/\/triangle.cat\/es\/wp-json\/wp\/v2\/product_brand?post=24278"},{"taxonomy":"product_cat","embeddable":true,"href":"https:\/\/triangle.cat\/es\/wp-json\/wp\/v2\/product_cat?post=24278"},{"taxonomy":"product_tag","embeddable":true,"href":"https:\/\/triangle.cat\/es\/wp-json\/wp\/v2\/product_tag?post=24278"}],"curies":[{"name":"wp","href":"https:\/\/api.w.org\/{rel}","templated":true}]}}