
{"id":24272,"date":"2023-02-13T10:39:43","date_gmt":"2023-02-13T11:38:15","guid":{"rendered":"https:\/\/www.triangleeditorial.com\/producto\/arnau-en-la-mola\/"},"modified":"2023-04-11T12:25:34","modified_gmt":"2023-04-11T12:25:34","slug":"arnau-en-la-mola","status":"publish","type":"product","link":"https:\/\/triangle.cat\/es\/producto\/arnau-en-la-mola\/","title":{"rendered":"Arnau en la Mola"},"content":{"rendered":"","protected":false},"excerpt":{"rendered":"<p>En compa\u00f1\u00eda del Soldado y de Roi, un magn\u00edfico caballo negro, Arnau recorrer\u00e1 la fortaleza de la Mola y vivir\u00e1 momentos extraordinarios del pasado de esta isla llena de sorpresas.<\/p>\n","protected":false},"featured_media":30694,"comment_status":"closed","ping_status":"closed","template":"","meta":{"_acf_changed":false,"_monsterinsights_skip_tracking":false,"_monsterinsights_sitenote_active":false,"_monsterinsights_sitenote_note":"","_monsterinsights_sitenote_category":0},"product_brand":[],"product_cat":[1564,1567],"product_tag":[],"class_list":{"0":"post-24272","1":"product","2":"type-product","3":"status-publish","4":"has-post-thumbnail","6":"product_cat-infantil-es","7":"product_cat-libros-ilustrados","8":"pa_idioma-catalan","9":"pa_idioma-english-es","10":"pa_idioma-espanol-es-2","12":"first","13":"instock","14":"taxable","15":"shipping-taxable","16":"purchasable","17":"product-type-variable","18":"has-default-attributes"},"acf":[],"_links":{"self":[{"href":"https:\/\/triangle.cat\/es\/wp-json\/wp\/v2\/product\/24272","targetHints":{"allow":["GET"]}}],"collection":[{"href":"https:\/\/triangle.cat\/es\/wp-json\/wp\/v2\/product"}],"about":[{"href":"https:\/\/triangle.cat\/es\/wp-json\/wp\/v2\/types\/product"}],"replies":[{"embeddable":true,"href":"https:\/\/triangle.cat\/es\/wp-json\/wp\/v2\/comments?post=24272"}],"wp:featuredmedia":[{"embeddable":true,"href":"https:\/\/triangle.cat\/es\/wp-json\/wp\/v2\/media\/30694"}],"wp:attachment":[{"href":"https:\/\/triangle.cat\/es\/wp-json\/wp\/v2\/media?parent=24272"}],"wp:term":[{"taxonomy":"product_brand","embeddable":true,"href":"https:\/\/triangle.cat\/es\/wp-json\/wp\/v2\/product_brand?post=24272"},{"taxonomy":"product_cat","embeddable":true,"href":"https:\/\/triangle.cat\/es\/wp-json\/wp\/v2\/product_cat?post=24272"},{"taxonomy":"product_tag","embeddable":true,"href":"https:\/\/triangle.cat\/es\/wp-json\/wp\/v2\/product_tag?post=24272"}],"curies":[{"name":"wp","href":"https:\/\/api.w.org\/{rel}","templated":true}]}}