
{"id":24269,"date":"2023-02-13T10:36:54","date_gmt":"2023-02-13T11:35:24","guid":{"rendered":"https:\/\/www.triangleeditorial.com\/producto\/que-animales-encontramos-en-menorca\/"},"modified":"2025-02-10T15:51:49","modified_gmt":"2025-02-10T13:51:49","slug":"que-animales-encontramos-en-menorca","status":"publish","type":"product","link":"https:\/\/triangle.cat\/es\/producto\/que-animales-encontramos-en-menorca\/","title":{"rendered":"\u00bfQu\u00e9 animales encontramos en Menorca?"},"content":{"rendered":"","protected":false},"excerpt":{"rendered":"<p>Paseando por Menorca encontramos muchos animales, \u00a1descubre cu\u00e1les hay en este cuento mientras aprendes el idioma de la isla!\u201c\u00bfQu\u00e9 animales encontramos en Menorca?\u201d es un cuento de cart\u00f3n grueso reciclado que lleva a los ni\u00f1os a descubrir a los animales que se pueden encontrar alrededor por la isla de Menorca de forma amena y divertida poniendo en valor los elementos naturales y culturales de esta peque\u00f1a joya del mediterr\u00e1neo.Pensado para el inicio de la lectura, el texto en tres idiomas (catal\u00e1n, castellano e ingl\u00e9s) ayuda a acercar el idioma propio de a los visitantes, a la vez que permite a los naturales de Menorca desarrollar otras lenguas importantes para su desarrollo.<\/p>\n<p><a href=\"https:\/\/triangle.cat\/wp-content\/uploads\/2025\/01\/conselleria_ieb-nou__1_-removebg-preview.png\"><img loading=\"lazy\" decoding=\"async\" class=\"alignnone  wp-image-43381\" src=\"https:\/\/triangle.cat\/wp-content\/uploads\/2025\/01\/conselleria_ieb-nou__1_-removebg-preview-600x96.png\" alt=\"\" width=\"388\" height=\"62\" srcset=\"https:\/\/triangle.cat\/wp-content\/uploads\/2025\/01\/conselleria_ieb-nou__1_-removebg-preview-600x96.png 600w, https:\/\/triangle.cat\/wp-content\/uploads\/2025\/01\/conselleria_ieb-nou__1_-removebg-preview-1030x165.png 1030w, https:\/\/triangle.cat\/wp-content\/uploads\/2025\/01\/conselleria_ieb-nou__1_-removebg-preview-768x123.png 768w, https:\/\/triangle.cat\/wp-content\/uploads\/2025\/01\/conselleria_ieb-nou__1_-removebg-preview-705x113.png 705w, https:\/\/triangle.cat\/wp-content\/uploads\/2025\/01\/conselleria_ieb-nou__1_-removebg-preview-450x72.png 450w, https:\/\/triangle.cat\/wp-content\/uploads\/2025\/01\/conselleria_ieb-nou__1_-removebg-preview.png 1246w\" sizes=\"auto, (max-width: 388px) 100vw, 388px\" \/><\/a><\/p>\n","protected":false},"featured_media":22898,"comment_status":"closed","ping_status":"closed","template":"","meta":{"_acf_changed":false,"_monsterinsights_skip_tracking":false,"_monsterinsights_sitenote_active":false,"_monsterinsights_sitenote_note":"","_monsterinsights_sitenote_category":0},"product_brand":[],"product_cat":[1564,1913],"product_tag":[],"class_list":{"0":"post-24269","1":"product","2":"type-product","3":"status-publish","4":"has-post-thumbnail","6":"product_cat-infantil-es","7":"product_cat-llibres-infantils-es","8":"pa_idioma-multilingue-catala-espanol-english-es","10":"first","11":"instock","12":"taxable","13":"shipping-taxable","14":"purchasable","15":"product-type-variable","16":"has-default-attributes"},"acf":[],"_links":{"self":[{"href":"https:\/\/triangle.cat\/es\/wp-json\/wp\/v2\/product\/24269","targetHints":{"allow":["GET"]}}],"collection":[{"href":"https:\/\/triangle.cat\/es\/wp-json\/wp\/v2\/product"}],"about":[{"href":"https:\/\/triangle.cat\/es\/wp-json\/wp\/v2\/types\/product"}],"replies":[{"embeddable":true,"href":"https:\/\/triangle.cat\/es\/wp-json\/wp\/v2\/comments?post=24269"}],"wp:featuredmedia":[{"embeddable":true,"href":"https:\/\/triangle.cat\/es\/wp-json\/wp\/v2\/media\/22898"}],"wp:attachment":[{"href":"https:\/\/triangle.cat\/es\/wp-json\/wp\/v2\/media?parent=24269"}],"wp:term":[{"taxonomy":"product_brand","embeddable":true,"href":"https:\/\/triangle.cat\/es\/wp-json\/wp\/v2\/product_brand?post=24269"},{"taxonomy":"product_cat","embeddable":true,"href":"https:\/\/triangle.cat\/es\/wp-json\/wp\/v2\/product_cat?post=24269"},{"taxonomy":"product_tag","embeddable":true,"href":"https:\/\/triangle.cat\/es\/wp-json\/wp\/v2\/product_tag?post=24269"}],"curies":[{"name":"wp","href":"https:\/\/api.w.org\/{rel}","templated":true}]}}